{"id":1523,"date":"2024-10-09T16:20:53","date_gmt":"2024-10-09T16:20:53","guid":{"rendered":"https:\/\/www.rimoldi.it\/?page_id=1523"},"modified":"2024-10-09T16:44:18","modified_gmt":"2024-10-09T16:44:18","slug":"iperion-press-informationen-anfordern","status":"publish","type":"page","link":"https:\/\/www.rimoldi.it\/de\/iperion-press-informationen-anfordern\/","title":{"rendered":"IPERION press &#8211; Informationen anfordern"},"content":{"rendered":"<div class=\"wpb-content-wrapper\"><p>[vc_row][vc_column column_width_percent=&#8220;100&#8243; position_vertical=&#8220;middle&#8220; align_horizontal=&#8220;align_center&#8220; gutter_size=&#8220;3&#8243; overlay_alpha=&#8220;50&#8243; shift_x=&#8220;0&#8243; shift_y=&#8220;0&#8243; shift_y_down=&#8220;0&#8243; z_index=&#8220;0&#8243; medium_width=&#8220;0&#8243; mobile_width=&#8220;0&#8243; width=&#8220;1\/1&#8243; uncode_shortcode_id=&#8220;855061&#8243;][vc_custom_heading auto_text=&#8220;yes&#8220; heading_semantic=&#8220;h1&#8243; text_size=&#8220;h1&#8243; uncode_shortcode_id=&#8220;671473&#8243;]This is a custom heading element.[\/vc_custom_heading][vc_column_text auto_text=&#8220;excerpt&#8220; text_lead=&#8220;yes&#8220; uncode_shortcode_id=&#8220;752573&#8243;]<\/p>\n<h2>Dank unserer Erfahrung sind wir in der Lage, die Anforderungen unserer Kunden genau zu verstehen und sie in die bestm\u00f6gliche L\u00f6sung umzusetzen.<\/h2>\n<p>[\/vc_column_text][\/vc_column][\/vc_row][vc_row row_height_percent=&#8220;0&#8243; override_padding=&#8220;yes&#8220; h_padding=&#8220;2&#8243; top_padding=&#8220;2&#8243; bottom_padding=&#8220;5&#8243; overlay_alpha=&#8220;50&#8243; equal_height=&#8220;yes&#8220; gutter_size=&#8220;3&#8243; column_width_percent=&#8220;100&#8243; shift_y=&#8220;0&#8243; z_index=&#8220;0&#8243; uncode_shortcode_id=&#8220;596955&#8243;][vc_column column_width_percent=&#8220;100&#8243; gutter_size=&#8220;3&#8243; override_padding=&#8220;yes&#8220; column_padding=&#8220;0&#8243; back_color=&#8220;color-xsdn&#8220; overlay_alpha=&#8220;100&#8243; shift_x=&#8220;0&#8243; shift_y=&#8220;0&#8243; shift_y_down=&#8220;0&#8243; z_index=&#8220;0&#8243; medium_width=&#8220;0&#8243; mobile_width=&#8220;0&#8243; width=&#8220;1\/2&#8243; uncode_shortcode_id=&#8220;129745&#8243; back_color_type=&#8220;uncode-palette&#8220;][vc_custom_heading uncode_shortcode_id=&#8220;152077&#8243;]Hauptsitz[\/vc_custom_heading][vc_single_image media=&#8220;1306&#8243; media_width_percent=&#8220;100&#8243; uncode_shortcode_id=&#8220;165501&#8243; media_link=&#8220;url:https%3A%2F%2Fwww.google.com%2Fmaps%2Fplace%2FVia%2BGerenzano%2C%2B44%2C%2B21053%2BCastellanza%2BVA%2F%4045.6137195%2C8.9130516%2C18.12z%2Fdata%3D!4m6!3m5!1s0x47868dc9d9b62ca5%3A0x69d838d94c4b297e!8m2!3d45.6133479!4d8.9132159!16s%252Fg%252F11bz_7xw1d|target:_blank&#8220;][vc_column_text uncode_shortcode_id=&#8220;711178&#8243;]PIETRO RIMOLDI &amp; C. s.r.l<\/p>\n<p>Via Gerenzano 44<br \/>\n21053 Castellanza (VA)<br \/>\nItalien<\/p>\n<p>Tel: +39 (0)331 504449<br \/>\nFax: +39(0)331504325<br \/>\ninfo@rimoldi.it[\/vc_column_text][\/vc_column][vc_column column_width_percent=&#8220;100&#8243; gutter_size=&#8220;3&#8243; back_color=&#8220;color-lxmt&#8220; overlay_alpha=&#8220;100&#8243; shift_x=&#8220;0&#8243; shift_y=&#8220;0&#8243; shift_y_down=&#8220;0&#8243; z_index=&#8220;0&#8243; medium_width=&#8220;0&#8243; mobile_width=&#8220;0&#8243; width=&#8220;1\/2&#8243; uncode_shortcode_id=&#8220;151296&#8243; back_color_type=&#8220;uncode-palette&#8220;][vc_custom_heading uncode_shortcode_id=&#8220;250860&#8243;]Schreiben Sie uns[\/vc_custom_heading]\n<div class=\"wpcf7 no-js\" id=\"wpcf7-f1153-o1\" lang=\"de-DE\" dir=\"ltr\" data-wpcf7-id=\"1153\">\n<div class=\"screen-reader-response\"><p role=\"status\" aria-live=\"polite\" aria-atomic=\"true\"><\/p> <ul><\/ul><\/div>\n<form action=\"\/de\/wp-json\/wp\/v2\/pages\/1523#wpcf7-f1153-o1\" method=\"post\" class=\"wpcf7-form init\" aria-label=\"Kontaktformular\" novalidate=\"novalidate\" data-status=\"init\">\n<fieldset class=\"hidden-fields-container\"><input type=\"hidden\" name=\"_wpcf7\" value=\"1153\" \/><input type=\"hidden\" name=\"_wpcf7_version\" value=\"6.1.5\" \/><input type=\"hidden\" name=\"_wpcf7_locale\" value=\"de_DE\" \/><input type=\"hidden\" name=\"_wpcf7_unit_tag\" value=\"wpcf7-f1153-o1\" \/><input type=\"hidden\" name=\"_wpcf7_container_post\" value=\"0\" \/><input type=\"hidden\" name=\"_wpcf7_posted_data_hash\" value=\"\" \/>\n<\/fieldset>\n<p><label> Ihr Name<br \/>\n<span class=\"wpcf7-form-control-wrap\" data-name=\"your-name\"><input size=\"40\" maxlength=\"400\" class=\"wpcf7-form-control wpcf7-text wpcf7-validates-as-required\" aria-required=\"true\" aria-invalid=\"false\" value=\"\" type=\"text\" name=\"your-name\" \/><\/span> <\/label>\n<\/p>\n<p><label> Ihre E-Mail<br \/>\n<span class=\"wpcf7-form-control-wrap\" data-name=\"your-email\"><input size=\"40\" maxlength=\"400\" class=\"wpcf7-form-control wpcf7-email wpcf7-validates-as-required wpcf7-text wpcf7-validates-as-email\" aria-required=\"true\" aria-invalid=\"false\" value=\"\" type=\"email\" name=\"your-email\" \/><\/span> <\/label>\n<\/p>\n<p><label> Betreff<br \/>\n<span class=\"wpcf7-form-control-wrap\" data-name=\"your-subject\"><input size=\"40\" maxlength=\"400\" class=\"wpcf7-form-control wpcf7-text wpcf7-validates-as-required\" aria-required=\"true\" aria-invalid=\"false\" value=\"\" type=\"text\" name=\"your-subject\" \/><\/span> <\/label>\n<\/p>\n<p><label> Ihre Nachricht (optional)<br \/>\n<span class=\"wpcf7-form-control-wrap\" data-name=\"your-message\"><textarea cols=\"40\" rows=\"10\" maxlength=\"2000\" class=\"wpcf7-form-control wpcf7-textarea\" aria-invalid=\"false\" name=\"your-message\"><\/textarea><\/span> <\/label>\n<\/p>\n<p><span class=\"wpcf7-form-control-wrap\" data-name=\"acceptance-550\"><span class=\"wpcf7-form-control wpcf7-acceptance\"><span class=\"wpcf7-list-item\"><label><input type=\"checkbox\" name=\"acceptance-550\" value=\"1\" aria-invalid=\"false\" \/><span class=\"wpcf7-list-item-label\">Werte Fa. PIETRO RIMOLDI & C. s.r.l., nach aufmerksamem Lesen der <a href=\"http:\/\/www.rimoldi.it\/privacy-policy\/\" target=\"_blank\" style=\"color:red;\">Datenschutzerkl\u00e4rung<\/a>und Kenntnisnahme der Art und Weise, wie die personenbezogenen Daten verarbeitet werden, die zur Erf\u00fcllung meiner Anfrage nach Kontaktaufnahme und Erhalt eines Angebots zu den kommerziellen Dienstleistungen von PIETRO RIMOLDI & C. s.r.l. erforderlich sind, erteile ich hiermit meine freie, spezifische, informierte und eindeutige Zustimmung zur Verarbeitung meiner personenbezogenen Daten zu den in der oben genannten Datenschutzerkl\u00e4rung angegebenen Zwecken, d. h. zur Erf\u00fcllung meiner Anfrage, kontaktiert zu werden und ein Angebot \u00fcber die kommerziellen Dienstleistungen von PIETRO RIMOLDI & C. s.r.l. zu erhalten sowie zum Erhalt Ihrer informativen E-Mails.<\/span><\/label><\/span><\/span><\/span>\n<\/p>\n<p><span class=\"wpcf7-form-control-wrap\" data-name=\"hcap-cf7\">\t\t<input\n\t\t\t\ttype=\"hidden\"\n\t\t\t\tclass=\"hcaptcha-widget-id\"\n\t\t\t\tname=\"hcaptcha-widget-id\"\n\t\t\t\tvalue=\"eyJzb3VyY2UiOlsiY29udGFjdC1mb3JtLTdcL3dwLWNvbnRhY3QtZm9ybS03LnBocCJdLCJmb3JtX2lkIjoyMX0=-3f8f75e8657f0a6d1fabe73fe244992b\">\n\t\t\t\t<span id=\"hcap_cf7-69f101eee72a74.29339371\" class=\"wpcf7-form-control h-captcha \"\n\t\t\tdata-sitekey=\"c508a7c8-eb08-4610-ab3c-d81cf9b6b412\"\n\t\t\tdata-theme=\"light\"\n\t\t\tdata-size=\"normal\"\n\t\t\tdata-auto=\"false\"\n\t\t\tdata-ajax=\"false\"\n\t\t\tdata-force=\"false\">\n\t\t<\/span>\n\t\t<input type=\"hidden\" id=\"_wpnonce\" name=\"_wpnonce\" value=\"5725bec398\" \/><input type=\"hidden\" name=\"_wp_http_referer\" value=\"\/de\/wp-json\/wp\/v2\/pages\/1523\" \/><\/span><input class=\"wpcf7-form-control wpcf7-submit has-spinner\" type=\"submit\" value=\"Einreichen\" \/>\n<\/p><div class=\"wpcf7-response-output\" aria-hidden=\"true\"><\/div>\n<\/form>\n<\/div>\n[\/vc_column][\/vc_row][vc_row unlock_row_content=&#8220;yes&#8220; row_height_percent=&#8220;45&#8243; override_padding=&#8220;yes&#8220; h_padding=&#8220;3&#8243; top_padding=&#8220;3&#8243; bottom_padding=&#8220;3&#8243; back_color=&#8220;accent&#8220; overlay_alpha=&#8220;50&#8243; gutter_size=&#8220;3&#8243; column_width_percent=&#8220;100&#8243; shift_y=&#8220;0&#8243; z_index=&#8220;0&#8243; uncode_shortcode_id=&#8220;143683&#8243; back_color_type=&#8220;uncode-palette&#8220;][vc_column column_width_percent=&#8220;80&#8243; position_vertical=&#8220;middle&#8220; align_horizontal=&#8220;align_center&#8220; gutter_size=&#8220;3&#8243; style=&#8220;dark&#8220; overlay_alpha=&#8220;50&#8243; shift_x=&#8220;0&#8243; shift_y=&#8220;0&#8243; shift_y_down=&#8220;0&#8243; z_index=&#8220;0&#8243; medium_width=&#8220;0&#8243; mobile_width=&#8220;0&#8243; width=&#8220;1\/1&#8243; uncode_shortcode_id=&#8220;175904&#8243;][vc_custom_heading heading_semantic=&#8220;h3&#8243; text_size=&#8220;h4&#8243; text_transform=&#8220;uppercase&#8220; uncode_shortcode_id=&#8220;101100&#8243;]WARUM WIR[\/vc_custom_heading][vc_custom_heading heading_semantic=&#8220;h3&#8243; text_weight=&#8220;500&#8243; uncode_shortcode_id=&#8220;667892&#8243;]Dank unserer Erfahrung sind wir in der Lage, die Anforderungen unserer Kunden <strong>genau zu verstehen<\/strong> und sie in die bestm\u00f6gliche L\u00f6sung umzusetzen.<br \/>\nWir geben uns nie mit Banalit\u00e4ten zufrieden und streben stets nach <strong>Perfektion<\/strong>.[\/vc_custom_heading][\/vc_column][\/vc_row]<\/p>\n<\/div>","protected":false},"excerpt":{"rendered":"<p>[vc_row][vc_column column_width_percent=&#8220;100&#8243; position_vertical=&#8220;middle&#8220; align_horizontal=&#8220;align_center&#8220; gutter_size=&#8220;3&#8243; overlay_alpha=&#8220;50&#8243; shift_x=&#8220;0&#8243; shift_y=&#8220;0&#8243; shift_y_down=&#8220;0&#8243; z_index=&#8220;0&#8243; medium_width=&#8220;0&#8243; mobile_width=&#8220;0&#8243; width=&#8220;1\/1&#8243; uncode_shortcode_id=&#8220;855061&#8243;][vc_custom_heading auto_text=&#8220;yes&#8220; heading_semantic=&#8220;h1&#8243; text_size=&#8220;h1&#8243; uncode_shortcode_id=&#8220;671473&#8243;]This is a [&hellip;]<\/p>\n","protected":false},"author":2,"featured_media":0,"parent":0,"menu_order":0,"comment_status":"closed","ping_status":"closed","template":"","meta":{"footnotes":""},"class_list":["post-1523","page","type-page","status-publish","hentry"],"yoast_head":"<!-- This site is optimized with the Yoast SEO plugin v27.4 - https:\/\/yoast.com\/product\/yoast-seo-wordpress\/ -->\n<title>IPERION press - Informationen anfordern - Rimoldi<\/title>\n<meta name=\"robots\" content=\"index, follow, max-snippet:-1, max-image-preview:large, max-video-preview:-1\" \/>\n<link rel=\"canonical\" href=\"https:\/\/www.rimoldi.it\/de\/iperion-press-informationen-anfordern\/\" \/>\n<meta property=\"og:locale\" content=\"de_DE\" \/>\n<meta property=\"og:type\" content=\"article\" \/>\n<meta property=\"og:title\" content=\"IPERION press - Informationen anfordern - Rimoldi\" \/>\n<meta property=\"og:description\" content=\"[vc_row][vc_column column_width_percent=&#8220;100&#8243; position_vertical=&#8220;middle&#8220; align_horizontal=&#8220;align_center&#8220; gutter_size=&#8220;3&#8243; overlay_alpha=&#8220;50&#8243; shift_x=&#8220;0&#8243; shift_y=&#8220;0&#8243; shift_y_down=&#8220;0&#8243; z_index=&#8220;0&#8243; medium_width=&#8220;0&#8243; mobile_width=&#8220;0&#8243; width=&#8220;1\/1&#8243; uncode_shortcode_id=&#8220;855061&#8243;][vc_custom_heading auto_text=&#8220;yes&#8220; heading_semantic=&#8220;h1&#8243; text_size=&#8220;h1&#8243; uncode_shortcode_id=&#8220;671473&#8243;]This is a [&hellip;]\" \/>\n<meta property=\"og:url\" content=\"https:\/\/www.rimoldi.it\/de\/iperion-press-informationen-anfordern\/\" \/>\n<meta property=\"og:site_name\" content=\"Rimoldi\" \/>\n<meta property=\"article:modified_time\" content=\"2024-10-09T16:44:18+00:00\" \/>\n<meta name=\"twitter:card\" content=\"summary_large_image\" \/>\n<meta name=\"twitter:label1\" content=\"Gesch\u00e4tzte Lesezeit\" \/>\n\t<meta name=\"twitter:data1\" content=\"1\u00a0Minute\" \/>\n<script type=\"application\/ld+json\" class=\"yoast-schema-graph\">{\"@context\":\"https:\\\/\\\/schema.org\",\"@graph\":[{\"@type\":\"WebPage\",\"@id\":\"https:\\\/\\\/www.rimoldi.it\\\/de\\\/iperion-press-informationen-anfordern\\\/\",\"url\":\"https:\\\/\\\/www.rimoldi.it\\\/de\\\/iperion-press-informationen-anfordern\\\/\",\"name\":\"IPERION press - Informationen anfordern - Rimoldi\",\"isPartOf\":{\"@id\":\"https:\\\/\\\/www.rimoldi.it\\\/de\\\/#website\"},\"datePublished\":\"2024-10-09T16:20:53+00:00\",\"dateModified\":\"2024-10-09T16:44:18+00:00\",\"breadcrumb\":{\"@id\":\"https:\\\/\\\/www.rimoldi.it\\\/de\\\/iperion-press-informationen-anfordern\\\/#breadcrumb\"},\"inLanguage\":\"de\",\"potentialAction\":[{\"@type\":\"ReadAction\",\"target\":[\"https:\\\/\\\/www.rimoldi.it\\\/de\\\/iperion-press-informationen-anfordern\\\/\"]}]},{\"@type\":\"BreadcrumbList\",\"@id\":\"https:\\\/\\\/www.rimoldi.it\\\/de\\\/iperion-press-informationen-anfordern\\\/#breadcrumb\",\"itemListElement\":[{\"@type\":\"ListItem\",\"position\":1,\"name\":\"Home\",\"item\":\"https:\\\/\\\/www.rimoldi.it\\\/de\\\/\"},{\"@type\":\"ListItem\",\"position\":2,\"name\":\"IPERION press &#8211; Informationen anfordern\"}]},{\"@type\":\"WebSite\",\"@id\":\"https:\\\/\\\/www.rimoldi.it\\\/de\\\/#website\",\"url\":\"https:\\\/\\\/www.rimoldi.it\\\/de\\\/\",\"name\":\"Rimoldi\",\"description\":\"Soluzioni per lo stampaggio\",\"publisher\":{\"@id\":\"https:\\\/\\\/www.rimoldi.it\\\/de\\\/#organization\"},\"potentialAction\":[{\"@type\":\"SearchAction\",\"target\":{\"@type\":\"EntryPoint\",\"urlTemplate\":\"https:\\\/\\\/www.rimoldi.it\\\/de\\\/?s={search_term_string}\"},\"query-input\":{\"@type\":\"PropertyValueSpecification\",\"valueRequired\":true,\"valueName\":\"search_term_string\"}}],\"inLanguage\":\"de\"},{\"@type\":\"Organization\",\"@id\":\"https:\\\/\\\/www.rimoldi.it\\\/de\\\/#organization\",\"name\":\"Rimoldi Soluzioni per lo stampaggio\",\"url\":\"https:\\\/\\\/www.rimoldi.it\\\/de\\\/\",\"logo\":{\"@type\":\"ImageObject\",\"inLanguage\":\"de\",\"@id\":\"https:\\\/\\\/www.rimoldi.it\\\/de\\\/#\\\/schema\\\/logo\\\/image\\\/\",\"url\":\"https:\\\/\\\/www.rimoldi.it\\\/wp-content\\\/uploads\\\/2022\\\/10\\\/logoRimoldi.svg\",\"contentUrl\":\"https:\\\/\\\/www.rimoldi.it\\\/wp-content\\\/uploads\\\/2022\\\/10\\\/logoRimoldi.svg\",\"width\":\"280\",\"height\":\"85\",\"caption\":\"Rimoldi Soluzioni per lo stampaggio\"},\"image\":{\"@id\":\"https:\\\/\\\/www.rimoldi.it\\\/de\\\/#\\\/schema\\\/logo\\\/image\\\/\"},\"sameAs\":[\"https:\\\/\\\/www.linkedin.com\\\/company\\\/pietrorimoldi\\\/\"]}]}<\/script>\n<!-- \/ Yoast SEO plugin. -->","yoast_head_json":{"title":"IPERION press - Informationen anfordern - Rimoldi","robots":{"index":"index","follow":"follow","max-snippet":"max-snippet:-1","max-image-preview":"max-image-preview:large","max-video-preview":"max-video-preview:-1"},"canonical":"https:\/\/www.rimoldi.it\/de\/iperion-press-informationen-anfordern\/","og_locale":"de_DE","og_type":"article","og_title":"IPERION press - Informationen anfordern - Rimoldi","og_description":"[vc_row][vc_column column_width_percent=&#8220;100&#8243; position_vertical=&#8220;middle&#8220; align_horizontal=&#8220;align_center&#8220; gutter_size=&#8220;3&#8243; overlay_alpha=&#8220;50&#8243; shift_x=&#8220;0&#8243; shift_y=&#8220;0&#8243; shift_y_down=&#8220;0&#8243; z_index=&#8220;0&#8243; medium_width=&#8220;0&#8243; mobile_width=&#8220;0&#8243; width=&#8220;1\/1&#8243; uncode_shortcode_id=&#8220;855061&#8243;][vc_custom_heading auto_text=&#8220;yes&#8220; heading_semantic=&#8220;h1&#8243; text_size=&#8220;h1&#8243; uncode_shortcode_id=&#8220;671473&#8243;]This is a [&hellip;]","og_url":"https:\/\/www.rimoldi.it\/de\/iperion-press-informationen-anfordern\/","og_site_name":"Rimoldi","article_modified_time":"2024-10-09T16:44:18+00:00","twitter_card":"summary_large_image","twitter_misc":{"Gesch\u00e4tzte Lesezeit":"1\u00a0Minute"},"schema":{"@context":"https:\/\/schema.org","@graph":[{"@type":"WebPage","@id":"https:\/\/www.rimoldi.it\/de\/iperion-press-informationen-anfordern\/","url":"https:\/\/www.rimoldi.it\/de\/iperion-press-informationen-anfordern\/","name":"IPERION press - Informationen anfordern - Rimoldi","isPartOf":{"@id":"https:\/\/www.rimoldi.it\/de\/#website"},"datePublished":"2024-10-09T16:20:53+00:00","dateModified":"2024-10-09T16:44:18+00:00","breadcrumb":{"@id":"https:\/\/www.rimoldi.it\/de\/iperion-press-informationen-anfordern\/#breadcrumb"},"inLanguage":"de","potentialAction":[{"@type":"ReadAction","target":["https:\/\/www.rimoldi.it\/de\/iperion-press-informationen-anfordern\/"]}]},{"@type":"BreadcrumbList","@id":"https:\/\/www.rimoldi.it\/de\/iperion-press-informationen-anfordern\/#breadcrumb","itemListElement":[{"@type":"ListItem","position":1,"name":"Home","item":"https:\/\/www.rimoldi.it\/de\/"},{"@type":"ListItem","position":2,"name":"IPERION press &#8211; Informationen anfordern"}]},{"@type":"WebSite","@id":"https:\/\/www.rimoldi.it\/de\/#website","url":"https:\/\/www.rimoldi.it\/de\/","name":"Rimoldi","description":"Soluzioni per lo stampaggio","publisher":{"@id":"https:\/\/www.rimoldi.it\/de\/#organization"},"potentialAction":[{"@type":"SearchAction","target":{"@type":"EntryPoint","urlTemplate":"https:\/\/www.rimoldi.it\/de\/?s={search_term_string}"},"query-input":{"@type":"PropertyValueSpecification","valueRequired":true,"valueName":"search_term_string"}}],"inLanguage":"de"},{"@type":"Organization","@id":"https:\/\/www.rimoldi.it\/de\/#organization","name":"Rimoldi Soluzioni per lo stampaggio","url":"https:\/\/www.rimoldi.it\/de\/","logo":{"@type":"ImageObject","inLanguage":"de","@id":"https:\/\/www.rimoldi.it\/de\/#\/schema\/logo\/image\/","url":"https:\/\/www.rimoldi.it\/wp-content\/uploads\/2022\/10\/logoRimoldi.svg","contentUrl":"https:\/\/www.rimoldi.it\/wp-content\/uploads\/2022\/10\/logoRimoldi.svg","width":"280","height":"85","caption":"Rimoldi Soluzioni per lo stampaggio"},"image":{"@id":"https:\/\/www.rimoldi.it\/de\/#\/schema\/logo\/image\/"},"sameAs":["https:\/\/www.linkedin.com\/company\/pietrorimoldi\/"]}]}},"_links":{"self":[{"href":"https:\/\/www.rimoldi.it\/de\/wp-json\/wp\/v2\/pages\/1523","targetHints":{"allow":["GET"]}}],"collection":[{"href":"https:\/\/www.rimoldi.it\/de\/wp-json\/wp\/v2\/pages"}],"about":[{"href":"https:\/\/www.rimoldi.it\/de\/wp-json\/wp\/v2\/types\/page"}],"author":[{"embeddable":true,"href":"https:\/\/www.rimoldi.it\/de\/wp-json\/wp\/v2\/users\/2"}],"replies":[{"embeddable":true,"href":"https:\/\/www.rimoldi.it\/de\/wp-json\/wp\/v2\/comments?post=1523"}],"version-history":[{"count":5,"href":"https:\/\/www.rimoldi.it\/de\/wp-json\/wp\/v2\/pages\/1523\/revisions"}],"predecessor-version":[{"id":1556,"href":"https:\/\/www.rimoldi.it\/de\/wp-json\/wp\/v2\/pages\/1523\/revisions\/1556"}],"wp:attachment":[{"href":"https:\/\/www.rimoldi.it\/de\/wp-json\/wp\/v2\/media?parent=1523"}],"curies":[{"name":"wp","href":"https:\/\/api.w.org\/{rel}","templated":true}]}}