{"id":1083,"date":"2023-02-22T10:32:29","date_gmt":"2023-02-22T10:32:29","guid":{"rendered":"https:\/\/www.rimoldi.it\/servizi\/"},"modified":"2023-12-12T08:40:27","modified_gmt":"2023-12-12T08:40:27","slug":"servizi","status":"publish","type":"page","link":"https:\/\/www.rimoldi.it\/de\/servizi\/","title":{"rendered":"Leistungen"},"content":{"rendered":"<div class=\"wpb-content-wrapper\"><p>[vc_row row_height_percent=&#8220;30&#8243; back_color=&#8220;accent&#8220; back_image=&#8220;283&#8243; overlay_color=&#8220;color-jevc&#8220; overlay_alpha=&#8220;35&#8243; equal_height=&#8220;yes&#8220; gutter_size=&#8220;0&#8243; column_width_use_pixel=&#8220;yes&#8220; shift_y=&#8220;0&#8243; z_index=&#8220;0&#8243; row_name=&#8220;Welcome&#8220; uncode_shortcode_id=&#8220;449994&#8243; back_color_type=&#8220;uncode-palette&#8220; overlay_color_type=&#8220;uncode-palette&#8220; shape_dividers=&#8220;&#8220;][vc_column column_width_use_pixel=&#8220;yes&#8220; position_vertical=&#8220;middle&#8220; align_horizontal=&#8220;align_center&#8220; gutter_size=&#8220;3&#8243; style=&#8220;dark&#8220; overlay_alpha=&#8220;50&#8243; shift_x=&#8220;0&#8243; shift_y=&#8220;0&#8243; shift_y_down=&#8220;0&#8243; z_index=&#8220;0&#8243; medium_width=&#8220;0&#8243; mobile_width=&#8220;0&#8243; width=&#8220;1\/1&#8243; uncode_shortcode_id=&#8220;300389&#8243; mobile_height=&#8220;300&#8243;][vc_row_inner row_inner_height_percent=&#8220;0&#8243; overlay_alpha=&#8220;50&#8243; gutter_size=&#8220;3&#8243; shift_y=&#8220;0&#8243; z_index=&#8220;0&#8243; limit_content=&#8220;&#8220;][vc_column_inner column_width_percent=&#8220;100&#8243; align_horizontal=&#8220;align_center&#8220; gutter_size=&#8220;3&#8243; style=&#8220;dark&#8220; overlay_alpha=&#8220;50&#8243; shift_x=&#8220;0&#8243; shift_y=&#8220;0&#8243; shift_y_down=&#8220;0&#8243; z_index=&#8220;0&#8243; medium_width=&#8220;0&#8243; mobile_width=&#8220;0&#8243; width=&#8220;1\/1&#8243; uncode_shortcode_id=&#8220;203316&#8243;][vc_custom_heading heading_semantic=&#8220;h1&#8243; text_size=&#8220;h4&#8243; text_transform=&#8220;uppercase&#8220; uncode_shortcode_id=&#8220;155900&#8243;]Leistungen[\/vc_custom_heading][vc_custom_heading heading_semantic=&#8220;h3&#8243; text_size=&#8220;h1&#8243; css_animation=&#8220;top-t-bottom&#8220; animation_delay=&#8220;200&#8243; uncode_shortcode_id=&#8220;741700&#8243;]Erfahrung und Professionalit\u00e4t[\/vc_custom_heading][\/vc_column_inner][\/vc_row_inner][\/vc_column][\/vc_row][vc_row row_height_percent=&#8220;0&#8243; override_padding=&#8220;yes&#8220; h_padding=&#8220;2&#8243; top_padding=&#8220;3&#8243; bottom_padding=&#8220;3&#8243; overlay_alpha=&#8220;50&#8243; gutter_size=&#8220;3&#8243; column_width_percent=&#8220;100&#8243; shift_y=&#8220;0&#8243; z_index=&#8220;0&#8243; bottom_divider=&#8220;step_3_4&#8243; uncode_shortcode_id=&#8220;116013&#8243; row_name=&#8220;DesignCompletoDellaLinea&#8220; shape_dividers=&#8220;&#8220;][vc_column column_width_percent=&#8220;100&#8243; position_vertical=&#8220;bottom&#8220; gutter_size=&#8220;3&#8243; overlay_alpha=&#8220;50&#8243; shift_x=&#8220;0&#8243; shift_y=&#8220;0&#8243; shift_y_down=&#8220;0&#8243; z_index=&#8220;0&#8243; medium_width=&#8220;0&#8243; mobile_width=&#8220;0&#8243; width=&#8220;1\/1&#8243; uncode_shortcode_id=&#8220;882073&#8243;][vc_row_inner row_inner_height_percent=&#8220;0&#8243; overlay_alpha=&#8220;50&#8243; gutter_size=&#8220;4&#8243; shift_y=&#8220;0&#8243; z_index=&#8220;0&#8243; limit_content=&#8220;&#8220;][vc_column_inner column_width_percent=&#8220;100&#8243; gutter_size=&#8220;0&#8243; overlay_alpha=&#8220;50&#8243; shift_x=&#8220;0&#8243; shift_y=&#8220;0&#8243; shift_y_down=&#8220;0&#8243; z_index=&#8220;0&#8243; medium_width=&#8220;4&#8243; mobile_width=&#8220;0&#8243; width=&#8220;6\/12&#8243; uncode_shortcode_id=&#8220;345618&#8243;][vc_custom_heading heading_semantic=&#8220;h3&#8243; text_size=&#8220;h1&#8243; separator=&#8220;under&#8220; separator_color=&#8220;yes&#8220; uncode_shortcode_id=&#8220;100788&#8243;]<\/p>\n<h2 class=\"p1\">Komplette Anlagenplanung<\/h2>\n<p>[\/vc_custom_heading][\/vc_column_inner][vc_column_inner column_width_percent=&#8220;100&#8243; gutter_size=&#8220;3&#8243; overlay_alpha=&#8220;50&#8243; shift_x=&#8220;0&#8243; shift_y=&#8220;0&#8243; shift_y_down=&#8220;0&#8243; z_index=&#8220;0&#8243; medium_width=&#8220;2&#8243; mobile_width=&#8220;0&#8243; width=&#8220;6\/12&#8243;][vc_column_text uncode_shortcode_id=&#8220;179205&#8243;]<\/p>\n<p class=\"p1\">Wir bieten technische Unterst\u00fctzung bei der <strong>Festlegung des Anlagenlayouts<\/strong> und k\u00fcmmern uns um alle mit der Maschinenaufstellung verbundene Phasen. Die Projekte werden dokumentiert und in unseren Computersystemen gespeichert, so dass alle erforderlichen Informationen auch in Zukunft abrufbar sind.<\/p>\n<p class=\"p1\">Wir fungieren als Schnittstelle zwischen Auftraggeber und Subunternehmern, um einen <strong>reibungslosen Ablauf und Informationsfluss<\/strong> zwischen allen Beteiligten zu gew\u00e4hrleisten.<\/p>\n<p class=\"p1\">Dank unseres Fachwissens zu allen spezifischen Aspekten des Prozesses k\u00f6nnen wir unsere Kunden bei der Auswahl der richtigen, in eine Umformlinie einzubindenden <strong>Maschinen<\/strong> unterst\u00fctzen und so ihre Anforderungen erf\u00fcllen.<\/p>\n<p>[\/vc_column_text][\/vc_column_inner][\/vc_row_inner][\/vc_column][\/vc_row][vc_row row_height_percent=&#8220;0&#8243; override_padding=&#8220;yes&#8220; h_padding=&#8220;2&#8243; top_padding=&#8220;3&#8243; bottom_padding=&#8220;3&#8243; overlay_color=&#8220;color-lxmt&#8220; overlay_alpha=&#8220;100&#8243; gutter_size=&#8220;3&#8243; column_width_percent=&#8220;100&#8243; shift_y=&#8220;0&#8243; z_index=&#8220;0&#8243; bottom_divider=&#8220;step_3_4&#8243; inverted_device_order=&#8220;yes&#8220; uncode_shortcode_id=&#8220;147810&#8243; overlay_color_type=&#8220;uncode-palette&#8220; row_name=&#8220;RevisioneRicostruzione&#8220; shape_dividers=&#8220;&#8220;][vc_column column_width_percent=&#8220;100&#8243; gutter_size=&#8220;3&#8243; overlay_alpha=&#8220;50&#8243; shift_x=&#8220;0&#8243; shift_y=&#8220;0&#8243; shift_y_down=&#8220;0&#8243; z_index=&#8220;0&#8243; medium_width=&#8220;0&#8243; mobile_width=&#8220;0&#8243; width=&#8220;1\/1&#8243; uncode_shortcode_id=&#8220;538976&#8243;][vc_row_inner row_inner_height_percent=&#8220;0&#8243; overlay_alpha=&#8220;50&#8243; gutter_size=&#8220;4&#8243; shift_y=&#8220;0&#8243; z_index=&#8220;0&#8243; inverted_device_order=&#8220;yes&#8220; limit_content=&#8220;&#8220; uncode_shortcode_id=&#8220;132671&#8243;][vc_column_inner column_width_percent=&#8220;100&#8243; gutter_size=&#8220;3&#8243; overlay_alpha=&#8220;50&#8243; shift_x=&#8220;0&#8243; shift_y=&#8220;0&#8243; shift_y_down=&#8220;0&#8243; z_index=&#8220;0&#8243; medium_width=&#8220;2&#8243; mobile_width=&#8220;0&#8243; width=&#8220;6\/12&#8243;][vc_column_text uncode_shortcode_id=&#8220;129627&#8243;]<\/p>\n<p class=\"p1\">Da die Zahl nachgebauter Maschinen in den letzten Jahren rapide zugenommen hat, sind wir zu einem starken Partner f\u00fcr viele Umformunternehmen Europas geworden. Unsere Leistungen reichen von der einfachen Lieferung eines Ersatzteils bis hin zum Nachbau und der <strong>Installation kompletter Umformanlagen<\/strong>.<\/p>\n<p class=\"p1\">Zur Unterst\u00fctzung all dieser Aktivit\u00e4ten verf\u00fcgen wir auch \u00fcber hochpr\u00e4zise Lasermessger\u00e4te, die direkt beim Kunden eingesetzt werden k\u00f6nnen und eine <strong>fr\u00fchzeitige Diagnose<\/strong> der durchzuf\u00fchrenden Arbeiten erm\u00f6glichen, um die volle Funktionsf\u00e4higkeit der Maschinen wiederherzustellen.<\/p>\n<p>[\/vc_column_text][\/vc_column_inner][vc_column_inner column_width_percent=&#8220;100&#8243; gutter_size=&#8220;3&#8243; overlay_alpha=&#8220;50&#8243; shift_x=&#8220;0&#8243; shift_y=&#8220;0&#8243; shift_y_down=&#8220;0&#8243; z_index=&#8220;0&#8243; medium_width=&#8220;4&#8243; mobile_width=&#8220;0&#8243; width=&#8220;6\/12&#8243;][vc_custom_heading heading_semantic=&#8220;h3&#8243; text_size=&#8220;h1&#8243; separator=&#8220;yes&#8220; separator_color=&#8220;yes&#8220; uncode_shortcode_id=&#8220;427384&#8243;]<\/p>\n<h2 class=\"p1\">\u00dcberholung und Nachbau<\/h2>\n<p>[\/vc_custom_heading][\/vc_column_inner][\/vc_row_inner][\/vc_column][\/vc_row][vc_row row_height_percent=&#8220;0&#8243; override_padding=&#8220;yes&#8220; h_padding=&#8220;2&#8243; top_padding=&#8220;3&#8243; bottom_padding=&#8220;3&#8243; overlay_alpha=&#8220;50&#8243; gutter_size=&#8220;3&#8243; column_width_percent=&#8220;100&#8243; shift_y=&#8220;0&#8243; z_index=&#8220;0&#8243; bottom_divider=&#8220;step_3_4&#8243; uncode_shortcode_id=&#8220;956029&#8243; row_name=&#8220;Certificazioni&#8220; shape_dividers=&#8220;&#8220;][vc_column column_width_percent=&#8220;100&#8243; gutter_size=&#8220;3&#8243; overlay_alpha=&#8220;50&#8243; shift_x=&#8220;0&#8243; shift_y=&#8220;0&#8243; shift_y_down=&#8220;0&#8243; z_index=&#8220;0&#8243; medium_width=&#8220;0&#8243; mobile_width=&#8220;0&#8243; width=&#8220;1\/1&#8243;][vc_row_inner row_inner_height_percent=&#8220;0&#8243; overlay_alpha=&#8220;50&#8243; gutter_size=&#8220;4&#8243; shift_y=&#8220;0&#8243; z_index=&#8220;0&#8243; limit_content=&#8220;&#8220;][vc_column_inner column_width_percent=&#8220;100&#8243; gutter_size=&#8220;0&#8243; overlay_alpha=&#8220;50&#8243; shift_x=&#8220;0&#8243; shift_y=&#8220;0&#8243; shift_y_down=&#8220;0&#8243; z_index=&#8220;0&#8243; medium_width=&#8220;4&#8243; mobile_width=&#8220;0&#8243; width=&#8220;6\/12&#8243; uncode_shortcode_id=&#8220;108129&#8243;][vc_custom_heading heading_semantic=&#8220;h3&#8243; text_size=&#8220;h1&#8243; separator=&#8220;under&#8220; separator_color=&#8220;yes&#8220; uncode_shortcode_id=&#8220;119300&#8243;]<\/p>\n<h2 class=\"p1\">Zertifizierungen<\/h2>\n<p>[\/vc_custom_heading][\/vc_column_inner][vc_column_inner column_width_percent=&#8220;100&#8243; gutter_size=&#8220;3&#8243; overlay_alpha=&#8220;50&#8243; shift_x=&#8220;0&#8243; shift_y=&#8220;0&#8243; shift_y_down=&#8220;0&#8243; z_index=&#8220;0&#8243; medium_width=&#8220;2&#8243; mobile_width=&#8220;0&#8243; width=&#8220;6\/12&#8243;][vc_column_text uncode_shortcode_id=&#8220;100050&#8243;]<\/p>\n<p class=\"p1\">Wir k\u00f6nnen f\u00fcr alle Arten von mechanischen Pressen Zertifizierungen durchf\u00fchren und technische Dokumente erstellen. Beim Nachbau der Presse ber\u00fccksichtigen wir die erforderlichen Zeichnungen und Informationen, um sicherzustellen, dass alle Aspekte <strong>den geltenden Vorschriften entsprechen<\/strong>. Die gesamte Maschine wird anhand eines Checklistensystems \u00fcberpr\u00fcft, das alle Aspekte der verschiedenen Anlagen und Komponenten deckt.<\/p>\n<p>[\/vc_column_text][\/vc_column_inner][\/vc_row_inner][\/vc_column][\/vc_row][vc_row row_height_percent=&#8220;0&#8243; override_padding=&#8220;yes&#8220; h_padding=&#8220;2&#8243; top_padding=&#8220;3&#8243; bottom_padding=&#8220;3&#8243; overlay_color=&#8220;color-lxmt&#8220; overlay_alpha=&#8220;100&#8243; gutter_size=&#8220;3&#8243; column_width_percent=&#8220;100&#8243; shift_y=&#8220;0&#8243; z_index=&#8220;0&#8243; bottom_divider=&#8220;step_3_4&#8243; inverted_device_order=&#8220;yes&#8220; uncode_shortcode_id=&#8220;102841&#8243; overlay_color_type=&#8220;uncode-palette&#8220; row_name=&#8220;LavorazioniInLoco&#8220; shape_dividers=&#8220;&#8220;][vc_column column_width_percent=&#8220;100&#8243; gutter_size=&#8220;3&#8243; overlay_alpha=&#8220;50&#8243; shift_x=&#8220;0&#8243; shift_y=&#8220;0&#8243; shift_y_down=&#8220;0&#8243; z_index=&#8220;0&#8243; medium_width=&#8220;0&#8243; mobile_width=&#8220;0&#8243; width=&#8220;1\/1&#8243; uncode_shortcode_id=&#8220;538976&#8243;][vc_row_inner row_inner_height_percent=&#8220;0&#8243; overlay_alpha=&#8220;50&#8243; gutter_size=&#8220;4&#8243; shift_y=&#8220;0&#8243; z_index=&#8220;0&#8243; inverted_device_order=&#8220;yes&#8220; limit_content=&#8220;&#8220; uncode_shortcode_id=&#8220;132671&#8243;][vc_column_inner column_width_percent=&#8220;100&#8243; gutter_size=&#8220;3&#8243; overlay_alpha=&#8220;50&#8243; shift_x=&#8220;0&#8243; shift_y=&#8220;0&#8243; shift_y_down=&#8220;0&#8243; z_index=&#8220;0&#8243; medium_width=&#8220;2&#8243; mobile_width=&#8220;0&#8243; width=&#8220;6\/12&#8243;][vc_column_text uncode_shortcode_id=&#8220;100086&#8243;]<\/p>\n<p class=\"p1\">Unter bestimmten Umst\u00e4nden, wenn Teile aufgrund ihrer gro\u00dfen Abmessungen oder einer kostspieligen Demontage nicht transportiert werden k\u00f6nnen, <strong>k\u00f6nnen wir eine Vor-Ort-Bearbeitung<\/strong> beim Kunden durchf\u00fchren. Dies ist eine Mehrwertleistung, die im Rahmen gr\u00f6\u00dferer Projekte erbracht wird. Unsere technische Abteilung ist stets bereit, <strong>spezielle Werkzeuge<\/strong> f\u00fcr diese Art von Arbeiten zu entwickeln.<\/p>\n<p>[\/vc_column_text][\/vc_column_inner][vc_column_inner column_width_percent=&#8220;100&#8243; gutter_size=&#8220;3&#8243; overlay_alpha=&#8220;50&#8243; shift_x=&#8220;0&#8243; shift_y=&#8220;0&#8243; shift_y_down=&#8220;0&#8243; z_index=&#8220;0&#8243; medium_width=&#8220;4&#8243; mobile_width=&#8220;0&#8243; width=&#8220;6\/12&#8243;][vc_custom_heading heading_semantic=&#8220;h3&#8243; text_size=&#8220;h1&#8243; separator=&#8220;yes&#8220; separator_color=&#8220;yes&#8220; uncode_shortcode_id=&#8220;370383&#8243;]<\/p>\n<h2 class=\"p1\">Bearbeitungen vor Ort<\/h2>\n<p>[\/vc_custom_heading][\/vc_column_inner][\/vc_row_inner][\/vc_column][\/vc_row]<\/p>\n<\/div>","protected":false},"excerpt":{"rendered":"<p>[vc_row row_height_percent=&#8220;30&#8243; back_color=&#8220;accent&#8220; back_image=&#8220;283&#8243; overlay_color=&#8220;color-jevc&#8220; overlay_alpha=&#8220;35&#8243; equal_height=&#8220;yes&#8220; gutter_size=&#8220;0&#8243; column_width_use_pixel=&#8220;yes&#8220; shift_y=&#8220;0&#8243; z_index=&#8220;0&#8243; row_name=&#8220;Welcome&#8220; uncode_shortcode_id=&#8220;449994&#8243; back_color_type=&#8220;uncode-palette&#8220; overlay_color_type=&#8220;uncode-palette&#8220; shape_dividers=&#8220;&#8220;][vc_column column_width_use_pixel=&#8220;yes&#8220; position_vertical=&#8220;middle&#8220; align_horizontal=&#8220;align_center&#8220; gutter_size=&#8220;3&#8243; [&hellip;]<\/p>\n","protected":false},"author":2,"featured_media":0,"parent":0,"menu_order":0,"comment_status":"closed","ping_status":"closed","template":"","meta":{"footnotes":""},"class_list":["post-1083","page","type-page","status-publish","hentry"],"yoast_head":"<!-- This site is optimized with the Yoast SEO plugin v27.4 - https:\/\/yoast.com\/product\/yoast-seo-wordpress\/ -->\n<title>Leistungen - Rimoldi<\/title>\n<meta name=\"description\" content=\"Komplette Anlagenplanung, \u00dcberholung und Nachbau, Zertifizierungen\" \/>\n<meta name=\"robots\" content=\"index, follow, max-snippet:-1, max-image-preview:large, max-video-preview:-1\" \/>\n<link rel=\"canonical\" href=\"https:\/\/www.rimoldi.it\/de\/servizi\/\" \/>\n<meta property=\"og:locale\" content=\"de_DE\" \/>\n<meta property=\"og:type\" content=\"article\" \/>\n<meta property=\"og:title\" content=\"Leistungen - Rimoldi\" \/>\n<meta property=\"og:description\" content=\"Komplette Anlagenplanung, \u00dcberholung und Nachbau, Zertifizierungen\" \/>\n<meta property=\"og:url\" content=\"https:\/\/www.rimoldi.it\/de\/servizi\/\" \/>\n<meta property=\"og:site_name\" content=\"Rimoldi\" \/>\n<meta property=\"article:modified_time\" content=\"2023-12-12T08:40:27+00:00\" \/>\n<meta name=\"twitter:card\" content=\"summary_large_image\" \/>\n<meta name=\"twitter:label1\" content=\"Gesch\u00e4tzte Lesezeit\" \/>\n\t<meta name=\"twitter:data1\" content=\"4\u00a0Minuten\" \/>\n<script type=\"application\/ld+json\" class=\"yoast-schema-graph\">{\"@context\":\"https:\\\/\\\/schema.org\",\"@graph\":[{\"@type\":\"WebPage\",\"@id\":\"https:\\\/\\\/www.rimoldi.it\\\/de\\\/servizi\\\/\",\"url\":\"https:\\\/\\\/www.rimoldi.it\\\/de\\\/servizi\\\/\",\"name\":\"Leistungen - Rimoldi\",\"isPartOf\":{\"@id\":\"https:\\\/\\\/www.rimoldi.it\\\/de\\\/#website\"},\"datePublished\":\"2023-02-22T10:32:29+00:00\",\"dateModified\":\"2023-12-12T08:40:27+00:00\",\"description\":\"Komplette Anlagenplanung, \u00dcberholung und Nachbau, Zertifizierungen\",\"breadcrumb\":{\"@id\":\"https:\\\/\\\/www.rimoldi.it\\\/de\\\/servizi\\\/#breadcrumb\"},\"inLanguage\":\"de\",\"potentialAction\":[{\"@type\":\"ReadAction\",\"target\":[\"https:\\\/\\\/www.rimoldi.it\\\/de\\\/servizi\\\/\"]}]},{\"@type\":\"BreadcrumbList\",\"@id\":\"https:\\\/\\\/www.rimoldi.it\\\/de\\\/servizi\\\/#breadcrumb\",\"itemListElement\":[{\"@type\":\"ListItem\",\"position\":1,\"name\":\"Home\",\"item\":\"https:\\\/\\\/www.rimoldi.it\\\/de\\\/\"},{\"@type\":\"ListItem\",\"position\":2,\"name\":\"Leistungen\"}]},{\"@type\":\"WebSite\",\"@id\":\"https:\\\/\\\/www.rimoldi.it\\\/de\\\/#website\",\"url\":\"https:\\\/\\\/www.rimoldi.it\\\/de\\\/\",\"name\":\"Rimoldi\",\"description\":\"Soluzioni per lo stampaggio\",\"publisher\":{\"@id\":\"https:\\\/\\\/www.rimoldi.it\\\/de\\\/#organization\"},\"potentialAction\":[{\"@type\":\"SearchAction\",\"target\":{\"@type\":\"EntryPoint\",\"urlTemplate\":\"https:\\\/\\\/www.rimoldi.it\\\/de\\\/?s={search_term_string}\"},\"query-input\":{\"@type\":\"PropertyValueSpecification\",\"valueRequired\":true,\"valueName\":\"search_term_string\"}}],\"inLanguage\":\"de\"},{\"@type\":\"Organization\",\"@id\":\"https:\\\/\\\/www.rimoldi.it\\\/de\\\/#organization\",\"name\":\"Rimoldi Soluzioni per lo stampaggio\",\"url\":\"https:\\\/\\\/www.rimoldi.it\\\/de\\\/\",\"logo\":{\"@type\":\"ImageObject\",\"inLanguage\":\"de\",\"@id\":\"https:\\\/\\\/www.rimoldi.it\\\/de\\\/#\\\/schema\\\/logo\\\/image\\\/\",\"url\":\"https:\\\/\\\/www.rimoldi.it\\\/wp-content\\\/uploads\\\/2022\\\/10\\\/logoRimoldi.svg\",\"contentUrl\":\"https:\\\/\\\/www.rimoldi.it\\\/wp-content\\\/uploads\\\/2022\\\/10\\\/logoRimoldi.svg\",\"width\":\"280\",\"height\":\"85\",\"caption\":\"Rimoldi Soluzioni per lo stampaggio\"},\"image\":{\"@id\":\"https:\\\/\\\/www.rimoldi.it\\\/de\\\/#\\\/schema\\\/logo\\\/image\\\/\"},\"sameAs\":[\"https:\\\/\\\/www.linkedin.com\\\/company\\\/pietrorimoldi\\\/\"]}]}<\/script>\n<!-- \/ Yoast SEO plugin. -->","yoast_head_json":{"title":"Leistungen - Rimoldi","description":"Komplette Anlagenplanung, \u00dcberholung und Nachbau, Zertifizierungen","robots":{"index":"index","follow":"follow","max-snippet":"max-snippet:-1","max-image-preview":"max-image-preview:large","max-video-preview":"max-video-preview:-1"},"canonical":"https:\/\/www.rimoldi.it\/de\/servizi\/","og_locale":"de_DE","og_type":"article","og_title":"Leistungen - Rimoldi","og_description":"Komplette Anlagenplanung, \u00dcberholung und Nachbau, Zertifizierungen","og_url":"https:\/\/www.rimoldi.it\/de\/servizi\/","og_site_name":"Rimoldi","article_modified_time":"2023-12-12T08:40:27+00:00","twitter_card":"summary_large_image","twitter_misc":{"Gesch\u00e4tzte Lesezeit":"4\u00a0Minuten"},"schema":{"@context":"https:\/\/schema.org","@graph":[{"@type":"WebPage","@id":"https:\/\/www.rimoldi.it\/de\/servizi\/","url":"https:\/\/www.rimoldi.it\/de\/servizi\/","name":"Leistungen - Rimoldi","isPartOf":{"@id":"https:\/\/www.rimoldi.it\/de\/#website"},"datePublished":"2023-02-22T10:32:29+00:00","dateModified":"2023-12-12T08:40:27+00:00","description":"Komplette Anlagenplanung, \u00dcberholung und Nachbau, Zertifizierungen","breadcrumb":{"@id":"https:\/\/www.rimoldi.it\/de\/servizi\/#breadcrumb"},"inLanguage":"de","potentialAction":[{"@type":"ReadAction","target":["https:\/\/www.rimoldi.it\/de\/servizi\/"]}]},{"@type":"BreadcrumbList","@id":"https:\/\/www.rimoldi.it\/de\/servizi\/#breadcrumb","itemListElement":[{"@type":"ListItem","position":1,"name":"Home","item":"https:\/\/www.rimoldi.it\/de\/"},{"@type":"ListItem","position":2,"name":"Leistungen"}]},{"@type":"WebSite","@id":"https:\/\/www.rimoldi.it\/de\/#website","url":"https:\/\/www.rimoldi.it\/de\/","name":"Rimoldi","description":"Soluzioni per lo stampaggio","publisher":{"@id":"https:\/\/www.rimoldi.it\/de\/#organization"},"potentialAction":[{"@type":"SearchAction","target":{"@type":"EntryPoint","urlTemplate":"https:\/\/www.rimoldi.it\/de\/?s={search_term_string}"},"query-input":{"@type":"PropertyValueSpecification","valueRequired":true,"valueName":"search_term_string"}}],"inLanguage":"de"},{"@type":"Organization","@id":"https:\/\/www.rimoldi.it\/de\/#organization","name":"Rimoldi Soluzioni per lo stampaggio","url":"https:\/\/www.rimoldi.it\/de\/","logo":{"@type":"ImageObject","inLanguage":"de","@id":"https:\/\/www.rimoldi.it\/de\/#\/schema\/logo\/image\/","url":"https:\/\/www.rimoldi.it\/wp-content\/uploads\/2022\/10\/logoRimoldi.svg","contentUrl":"https:\/\/www.rimoldi.it\/wp-content\/uploads\/2022\/10\/logoRimoldi.svg","width":"280","height":"85","caption":"Rimoldi Soluzioni per lo stampaggio"},"image":{"@id":"https:\/\/www.rimoldi.it\/de\/#\/schema\/logo\/image\/"},"sameAs":["https:\/\/www.linkedin.com\/company\/pietrorimoldi\/"]}]}},"_links":{"self":[{"href":"https:\/\/www.rimoldi.it\/de\/wp-json\/wp\/v2\/pages\/1083","targetHints":{"allow":["GET"]}}],"collection":[{"href":"https:\/\/www.rimoldi.it\/de\/wp-json\/wp\/v2\/pages"}],"about":[{"href":"https:\/\/www.rimoldi.it\/de\/wp-json\/wp\/v2\/types\/page"}],"author":[{"embeddable":true,"href":"https:\/\/www.rimoldi.it\/de\/wp-json\/wp\/v2\/users\/2"}],"replies":[{"embeddable":true,"href":"https:\/\/www.rimoldi.it\/de\/wp-json\/wp\/v2\/comments?post=1083"}],"version-history":[{"count":10,"href":"https:\/\/www.rimoldi.it\/de\/wp-json\/wp\/v2\/pages\/1083\/revisions"}],"predecessor-version":[{"id":1144,"href":"https:\/\/www.rimoldi.it\/de\/wp-json\/wp\/v2\/pages\/1083\/revisions\/1144"}],"wp:attachment":[{"href":"https:\/\/www.rimoldi.it\/de\/wp-json\/wp\/v2\/media?parent=1083"}],"curies":[{"name":"wp","href":"https:\/\/api.w.org\/{rel}","templated":true}]}}