{"id":1069,"date":"2023-03-03T10:56:34","date_gmt":"2023-03-03T10:56:34","guid":{"rendered":"https:\/\/www.rimoldi.it\/parti-di-ricambio\/"},"modified":"2023-12-11T15:34:30","modified_gmt":"2023-12-11T15:34:30","slug":"parti-di-ricambio","status":"publish","type":"page","link":"https:\/\/www.rimoldi.it\/de\/parti-di-ricambio\/","title":{"rendered":"Ersatzteile"},"content":{"rendered":"<div class=\"wpb-content-wrapper\"><p>[vc_row row_height_percent=&#8220;30&#8243; back_color=&#8220;accent&#8220; back_image=&#8220;225&#8243; overlay_color=&#8220;color-jevc&#8220; overlay_alpha=&#8220;35&#8243; equal_height=&#8220;yes&#8220; gutter_size=&#8220;0&#8243; column_width_use_pixel=&#8220;yes&#8220; shift_y=&#8220;0&#8243; z_index=&#8220;0&#8243; row_name=&#8220;Welcome&#8220; uncode_shortcode_id=&#8220;131743&#8243; back_color_type=&#8220;uncode-palette&#8220; overlay_color_type=&#8220;uncode-palette&#8220;][vc_column column_width_use_pixel=&#8220;yes&#8220; position_vertical=&#8220;middle&#8220; align_horizontal=&#8220;align_center&#8220; gutter_size=&#8220;3&#8243; style=&#8220;dark&#8220; overlay_alpha=&#8220;50&#8243; shift_x=&#8220;0&#8243; shift_y=&#8220;0&#8243; shift_y_down=&#8220;0&#8243; z_index=&#8220;0&#8243; medium_width=&#8220;0&#8243; mobile_width=&#8220;0&#8243; width=&#8220;1\/1&#8243; uncode_shortcode_id=&#8220;983232&#8243; mobile_height=&#8220;300&#8243;][vc_row_inner row_inner_height_percent=&#8220;0&#8243; overlay_alpha=&#8220;50&#8243; gutter_size=&#8220;3&#8243; shift_y=&#8220;0&#8243; z_index=&#8220;0&#8243; limit_content=&#8220;&#8220;][vc_column_inner column_width_percent=&#8220;100&#8243; position_vertical=&#8220;middle&#8220; align_horizontal=&#8220;align_center&#8220; gutter_size=&#8220;3&#8243; style=&#8220;dark&#8220; overlay_alpha=&#8220;50&#8243; shift_x=&#8220;0&#8243; shift_y=&#8220;0&#8243; shift_y_down=&#8220;0&#8243; z_index=&#8220;0&#8243; medium_width=&#8220;0&#8243; mobile_width=&#8220;0&#8243; width=&#8220;1\/1&#8243;][vc_custom_heading heading_semantic=&#8220;h1&#8243; text_size=&#8220;h1&#8243; text_transform=&#8220;uppercase&#8220; uncode_shortcode_id=&#8220;137342&#8243;]Ersatzteile[\/vc_custom_heading][\/vc_column_inner][\/vc_row_inner][\/vc_column][\/vc_row][vc_row row_height_percent=&#8220;0&#8243; override_padding=&#8220;yes&#8220; h_padding=&#8220;2&#8243; top_padding=&#8220;5&#8243; bottom_padding=&#8220;5&#8243; overlay_alpha=&#8220;50&#8243; gutter_size=&#8220;3&#8243; column_width_percent=&#8220;100&#8243; shift_y=&#8220;0&#8243; z_index=&#8220;1&#8243; top_divider=&#8220;gradient&#8220; bottom_divider=&#8220;gradient&#8220;][vc_column column_width_percent=&#8220;100&#8243; gutter_size=&#8220;4&#8243; overlay_alpha=&#8220;50&#8243; shift_x=&#8220;0&#8243; shift_y=&#8220;0&#8243; shift_y_down=&#8220;0&#8243; z_index=&#8220;0&#8243; medium_width=&#8220;0&#8243; mobile_width=&#8220;0&#8243; width=&#8220;1\/1&#8243;][vc_row_inner row_inner_height_percent=&#8220;0&#8243; overlay_alpha=&#8220;50&#8243; gutter_size=&#8220;4&#8243; shift_y=&#8220;0&#8243; z_index=&#8220;0&#8243; limit_content=&#8220;&#8220;][vc_column_inner column_width_percent=&#8220;100&#8243; gutter_size=&#8220;3&#8243; overlay_alpha=&#8220;50&#8243; shift_x=&#8220;0&#8243; shift_y=&#8220;0&#8243; shift_y_down=&#8220;0&#8243; z_index=&#8220;0&#8243; medium_width=&#8220;4&#8243; mobile_width=&#8220;0&#8243; width=&#8220;1\/3&#8243;][vc_custom_heading heading_semantic=&#8220;h3&#8243; text_size=&#8220;h3&#8243; text_transform=&#8220;uppercase&#8220; uncode_shortcode_id=&#8220;117534&#8243;]Wir fertigen Ersatzteile f\u00fcr alle Arten von Maschinen, die bei der Warmumformung zum Einsatz kommen.[\/vc_custom_heading][\/vc_column_inner][vc_column_inner column_width_percent=&#8220;100&#8243; gutter_size=&#8220;3&#8243; overlay_alpha=&#8220;50&#8243; shift_x=&#8220;0&#8243; shift_y=&#8220;0&#8243; shift_y_down=&#8220;0&#8243; z_index=&#8220;0&#8243; medium_width=&#8220;2&#8243; mobile_width=&#8220;0&#8243; width=&#8220;2\/3&#8243;][vc_column_text uncode_shortcode_id=&#8220;169938&#8243;]<\/p>\n<p class=\"p1\">Auf Kundenwunsch k\u00f6nnen wir die Ursache f\u00fcr den Bruch eines Teils untersuchen und dann die notwendigen <strong>\u00c4nderungen<\/strong> vornehmen, um zu verhindern, dass sich das Problem wiederholt. Einige kritische Teile der Pressen, die urspr\u00fcnglich aus Gussteilen hergestellt wurden, werden aus hochfesten Schmiedematerialien nachgebaut, die der Maschine <strong>noch mehr Belastbarkeit<\/strong> verleihen.<\/p>\n<p class=\"p1\">Dabei k\u00f6nnen wir die meisten Teile, auch von sehr gro\u00dfen Pressen, <strong>betriebsintern bearbeiten<\/strong>, was eine <strong>totale Kontrolle der Qualit\u00e4t<\/strong> der Arbeit und den <strong>schnellstm\u00f6glichen Eingriff<\/strong> garantiert. Bei Arbeiten, die wir nicht selbst ausf\u00fchren k\u00f6nnen, verlassen wir uns auf starke, bew\u00e4hrte Lieferanten.<\/p>\n<p>[\/vc_column_text][\/vc_column_inner][\/vc_row_inner][\/vc_column][\/vc_row][vc_row row_height_percent=&#8220;0&#8243; override_padding=&#8220;yes&#8220; h_padding=&#8220;2&#8243; top_padding=&#8220;3&#8243; bottom_padding=&#8220;3&#8243; overlay_alpha=&#8220;50&#8243; gutter_size=&#8220;3&#8243; column_width_percent=&#8220;100&#8243; shift_y=&#8220;0&#8243; z_index=&#8220;0&#8243; bottom_divider=&#8220;step_3_4&#8243; uncode_shortcode_id=&#8220;966357&#8243;][vc_column column_width_percent=&#8220;100&#8243; gutter_size=&#8220;3&#8243; overlay_alpha=&#8220;50&#8243; shift_x=&#8220;0&#8243; shift_y=&#8220;0&#8243; shift_y_down=&#8220;0&#8243; z_index=&#8220;0&#8243; medium_width=&#8220;0&#8243; mobile_width=&#8220;0&#8243; width=&#8220;1\/1&#8243;][vc_row_inner limit_content=&#8220;&#8220;][vc_column_inner width=&#8220;1\/1&#8243;][vc_gallery el_id=&#8220;gallery-73689423&#8243; type=&#8220;carousel&#8220; medias=&#8220;477,478,479,480,481,482,483,484,485,486&#8243; carousel_lg=&#8220;1&#8243; carousel_md=&#8220;2&#8243; carousel_sm=&#8220;1&#8243; thumb_size=&#8220;one-one&#8220; gutter_size=&#8220;4&#8243; media_items=&#8220;media|lightbox|original,icon|md&#8220; carousel_interval=&#8220;0&#8243; carousel_navspeed=&#8220;400&#8243; carousel_loop=&#8220;yes&#8220; carousel_overflow=&#8220;yes&#8220; carousel_dots=&#8220;yes&#8220; carousel_dots_space=&#8220;yes&#8220; carousel_dots_mobile=&#8220;yes&#8220; stage_padding=&#8220;70&#8243; single_shape=&#8220;round&#8220; radius=&#8220;xs&#8220; single_overlay_color=&#8220;color-wayh&#8220; single_overlay_opacity=&#8220;50&#8243; single_image_anim=&#8220;no&#8220; single_h_align=&#8220;center&#8220; single_padding=&#8220;2&#8243; single_icon=&#8220;fa fa-plus2&#8243; single_border=&#8220;yes&#8220; single_css_animation=&#8220;zoom-in&#8220; single_animation_delay=&#8220;200&#8243; lbox_no_tmb=&#8220;yes&#8220; carousel_rtl=&#8220;&#8220; single_title_uppercase=&#8220;&#8220; single_half_padding=&#8220;&#8220; single_title_serif=&#8220;&#8220; single_no_background=&#8220;&#8220; uncode_shortcode_id=&#8220;961618&#8243;][\/vc_column_inner][\/vc_row_inner][\/vc_column][\/vc_row]<\/p>\n<\/div>","protected":false},"excerpt":{"rendered":"<p>[vc_row row_height_percent=&#8220;30&#8243; back_color=&#8220;accent&#8220; back_image=&#8220;225&#8243; overlay_color=&#8220;color-jevc&#8220; overlay_alpha=&#8220;35&#8243; equal_height=&#8220;yes&#8220; gutter_size=&#8220;0&#8243; column_width_use_pixel=&#8220;yes&#8220; shift_y=&#8220;0&#8243; z_index=&#8220;0&#8243; row_name=&#8220;Welcome&#8220; uncode_shortcode_id=&#8220;131743&#8243; back_color_type=&#8220;uncode-palette&#8220; overlay_color_type=&#8220;uncode-palette&#8220;][vc_column column_width_use_pixel=&#8220;yes&#8220; position_vertical=&#8220;middle&#8220; align_horizontal=&#8220;align_center&#8220; gutter_size=&#8220;3&#8243; style=&#8220;dark&#8220; [&hellip;]<\/p>\n","protected":false},"author":2,"featured_media":0,"parent":0,"menu_order":0,"comment_status":"closed","ping_status":"closed","template":"","meta":{"footnotes":""},"class_list":["post-1069","page","type-page","status-publish","hentry"],"yoast_head":"<!-- This site is optimized with the Yoast SEO plugin v27.4 - https:\/\/yoast.com\/product\/yoast-seo-wordpress\/ -->\n<title>Ersatzteile - Rimoldi<\/title>\n<meta name=\"description\" content=\"Wir fertigen Ersatzteile f\u00fcr alle Arten von Maschinen, die bei der Warmumformung zum Einsatz kommen.\" \/>\n<meta name=\"robots\" content=\"index, follow, max-snippet:-1, max-image-preview:large, max-video-preview:-1\" \/>\n<link rel=\"canonical\" href=\"https:\/\/www.rimoldi.it\/de\/parti-di-ricambio\/\" \/>\n<meta property=\"og:locale\" content=\"de_DE\" \/>\n<meta property=\"og:type\" content=\"article\" \/>\n<meta property=\"og:title\" content=\"Ersatzteile - Rimoldi\" \/>\n<meta property=\"og:description\" content=\"Wir fertigen Ersatzteile f\u00fcr alle Arten von Maschinen, die bei der Warmumformung zum Einsatz kommen.\" \/>\n<meta property=\"og:url\" content=\"https:\/\/www.rimoldi.it\/de\/parti-di-ricambio\/\" \/>\n<meta property=\"og:site_name\" content=\"Rimoldi\" \/>\n<meta property=\"article:modified_time\" content=\"2023-12-11T15:34:30+00:00\" \/>\n<meta name=\"twitter:card\" content=\"summary_large_image\" \/>\n<meta name=\"twitter:label1\" content=\"Gesch\u00e4tzte Lesezeit\" \/>\n\t<meta name=\"twitter:data1\" content=\"2\u00a0Minuten\" \/>\n<script type=\"application\/ld+json\" class=\"yoast-schema-graph\">{\"@context\":\"https:\\\/\\\/schema.org\",\"@graph\":[{\"@type\":\"WebPage\",\"@id\":\"https:\\\/\\\/www.rimoldi.it\\\/de\\\/parti-di-ricambio\\\/\",\"url\":\"https:\\\/\\\/www.rimoldi.it\\\/de\\\/parti-di-ricambio\\\/\",\"name\":\"Ersatzteile - Rimoldi\",\"isPartOf\":{\"@id\":\"https:\\\/\\\/www.rimoldi.it\\\/de\\\/#website\"},\"datePublished\":\"2023-03-03T10:56:34+00:00\",\"dateModified\":\"2023-12-11T15:34:30+00:00\",\"description\":\"Wir fertigen Ersatzteile f\u00fcr alle Arten von Maschinen, die bei der Warmumformung zum Einsatz kommen.\",\"breadcrumb\":{\"@id\":\"https:\\\/\\\/www.rimoldi.it\\\/de\\\/parti-di-ricambio\\\/#breadcrumb\"},\"inLanguage\":\"de\",\"potentialAction\":[{\"@type\":\"ReadAction\",\"target\":[\"https:\\\/\\\/www.rimoldi.it\\\/de\\\/parti-di-ricambio\\\/\"]}]},{\"@type\":\"BreadcrumbList\",\"@id\":\"https:\\\/\\\/www.rimoldi.it\\\/de\\\/parti-di-ricambio\\\/#breadcrumb\",\"itemListElement\":[{\"@type\":\"ListItem\",\"position\":1,\"name\":\"Home\",\"item\":\"https:\\\/\\\/www.rimoldi.it\\\/de\\\/\"},{\"@type\":\"ListItem\",\"position\":2,\"name\":\"Ersatzteile\"}]},{\"@type\":\"WebSite\",\"@id\":\"https:\\\/\\\/www.rimoldi.it\\\/de\\\/#website\",\"url\":\"https:\\\/\\\/www.rimoldi.it\\\/de\\\/\",\"name\":\"Rimoldi\",\"description\":\"Soluzioni per lo stampaggio\",\"publisher\":{\"@id\":\"https:\\\/\\\/www.rimoldi.it\\\/de\\\/#organization\"},\"potentialAction\":[{\"@type\":\"SearchAction\",\"target\":{\"@type\":\"EntryPoint\",\"urlTemplate\":\"https:\\\/\\\/www.rimoldi.it\\\/de\\\/?s={search_term_string}\"},\"query-input\":{\"@type\":\"PropertyValueSpecification\",\"valueRequired\":true,\"valueName\":\"search_term_string\"}}],\"inLanguage\":\"de\"},{\"@type\":\"Organization\",\"@id\":\"https:\\\/\\\/www.rimoldi.it\\\/de\\\/#organization\",\"name\":\"Rimoldi Soluzioni per lo stampaggio\",\"url\":\"https:\\\/\\\/www.rimoldi.it\\\/de\\\/\",\"logo\":{\"@type\":\"ImageObject\",\"inLanguage\":\"de\",\"@id\":\"https:\\\/\\\/www.rimoldi.it\\\/de\\\/#\\\/schema\\\/logo\\\/image\\\/\",\"url\":\"https:\\\/\\\/www.rimoldi.it\\\/wp-content\\\/uploads\\\/2022\\\/10\\\/logoRimoldi.svg\",\"contentUrl\":\"https:\\\/\\\/www.rimoldi.it\\\/wp-content\\\/uploads\\\/2022\\\/10\\\/logoRimoldi.svg\",\"width\":\"280\",\"height\":\"85\",\"caption\":\"Rimoldi Soluzioni per lo stampaggio\"},\"image\":{\"@id\":\"https:\\\/\\\/www.rimoldi.it\\\/de\\\/#\\\/schema\\\/logo\\\/image\\\/\"},\"sameAs\":[\"https:\\\/\\\/www.linkedin.com\\\/company\\\/pietrorimoldi\\\/\"]}]}<\/script>\n<!-- \/ Yoast SEO plugin. -->","yoast_head_json":{"title":"Ersatzteile - Rimoldi","description":"Wir fertigen Ersatzteile f\u00fcr alle Arten von Maschinen, die bei der Warmumformung zum Einsatz kommen.","robots":{"index":"index","follow":"follow","max-snippet":"max-snippet:-1","max-image-preview":"max-image-preview:large","max-video-preview":"max-video-preview:-1"},"canonical":"https:\/\/www.rimoldi.it\/de\/parti-di-ricambio\/","og_locale":"de_DE","og_type":"article","og_title":"Ersatzteile - Rimoldi","og_description":"Wir fertigen Ersatzteile f\u00fcr alle Arten von Maschinen, die bei der Warmumformung zum Einsatz kommen.","og_url":"https:\/\/www.rimoldi.it\/de\/parti-di-ricambio\/","og_site_name":"Rimoldi","article_modified_time":"2023-12-11T15:34:30+00:00","twitter_card":"summary_large_image","twitter_misc":{"Gesch\u00e4tzte Lesezeit":"2\u00a0Minuten"},"schema":{"@context":"https:\/\/schema.org","@graph":[{"@type":"WebPage","@id":"https:\/\/www.rimoldi.it\/de\/parti-di-ricambio\/","url":"https:\/\/www.rimoldi.it\/de\/parti-di-ricambio\/","name":"Ersatzteile - Rimoldi","isPartOf":{"@id":"https:\/\/www.rimoldi.it\/de\/#website"},"datePublished":"2023-03-03T10:56:34+00:00","dateModified":"2023-12-11T15:34:30+00:00","description":"Wir fertigen Ersatzteile f\u00fcr alle Arten von Maschinen, die bei der Warmumformung zum Einsatz kommen.","breadcrumb":{"@id":"https:\/\/www.rimoldi.it\/de\/parti-di-ricambio\/#breadcrumb"},"inLanguage":"de","potentialAction":[{"@type":"ReadAction","target":["https:\/\/www.rimoldi.it\/de\/parti-di-ricambio\/"]}]},{"@type":"BreadcrumbList","@id":"https:\/\/www.rimoldi.it\/de\/parti-di-ricambio\/#breadcrumb","itemListElement":[{"@type":"ListItem","position":1,"name":"Home","item":"https:\/\/www.rimoldi.it\/de\/"},{"@type":"ListItem","position":2,"name":"Ersatzteile"}]},{"@type":"WebSite","@id":"https:\/\/www.rimoldi.it\/de\/#website","url":"https:\/\/www.rimoldi.it\/de\/","name":"Rimoldi","description":"Soluzioni per lo stampaggio","publisher":{"@id":"https:\/\/www.rimoldi.it\/de\/#organization"},"potentialAction":[{"@type":"SearchAction","target":{"@type":"EntryPoint","urlTemplate":"https:\/\/www.rimoldi.it\/de\/?s={search_term_string}"},"query-input":{"@type":"PropertyValueSpecification","valueRequired":true,"valueName":"search_term_string"}}],"inLanguage":"de"},{"@type":"Organization","@id":"https:\/\/www.rimoldi.it\/de\/#organization","name":"Rimoldi Soluzioni per lo stampaggio","url":"https:\/\/www.rimoldi.it\/de\/","logo":{"@type":"ImageObject","inLanguage":"de","@id":"https:\/\/www.rimoldi.it\/de\/#\/schema\/logo\/image\/","url":"https:\/\/www.rimoldi.it\/wp-content\/uploads\/2022\/10\/logoRimoldi.svg","contentUrl":"https:\/\/www.rimoldi.it\/wp-content\/uploads\/2022\/10\/logoRimoldi.svg","width":"280","height":"85","caption":"Rimoldi Soluzioni per lo stampaggio"},"image":{"@id":"https:\/\/www.rimoldi.it\/de\/#\/schema\/logo\/image\/"},"sameAs":["https:\/\/www.linkedin.com\/company\/pietrorimoldi\/"]}]}},"_links":{"self":[{"href":"https:\/\/www.rimoldi.it\/de\/wp-json\/wp\/v2\/pages\/1069","targetHints":{"allow":["GET"]}}],"collection":[{"href":"https:\/\/www.rimoldi.it\/de\/wp-json\/wp\/v2\/pages"}],"about":[{"href":"https:\/\/www.rimoldi.it\/de\/wp-json\/wp\/v2\/types\/page"}],"author":[{"embeddable":true,"href":"https:\/\/www.rimoldi.it\/de\/wp-json\/wp\/v2\/users\/2"}],"replies":[{"embeddable":true,"href":"https:\/\/www.rimoldi.it\/de\/wp-json\/wp\/v2\/comments?post=1069"}],"version-history":[{"count":2,"href":"https:\/\/www.rimoldi.it\/de\/wp-json\/wp\/v2\/pages\/1069\/revisions"}],"predecessor-version":[{"id":1073,"href":"https:\/\/www.rimoldi.it\/de\/wp-json\/wp\/v2\/pages\/1069\/revisions\/1073"}],"wp:attachment":[{"href":"https:\/\/www.rimoldi.it\/de\/wp-json\/wp\/v2\/media?parent=1069"}],"curies":[{"name":"wp","href":"https:\/\/api.w.org\/{rel}","templated":true}]}}