{"id":1061,"date":"2022-10-20T14:34:15","date_gmt":"2022-10-20T14:34:15","guid":{"rendered":"https:\/\/www.rimoldi.it\/prodotti\/"},"modified":"2024-12-12T15:16:35","modified_gmt":"2024-12-12T15:16:35","slug":"prodotti","status":"publish","type":"page","link":"https:\/\/www.rimoldi.it\/de\/prodotti\/","title":{"rendered":"Produkte"},"content":{"rendered":"<div class=\"wpb-content-wrapper\"><p>[vc_row row_height_percent=&#8220;30&#8243; back_color=&#8220;accent&#8220; back_image=&#8220;285&#8243; overlay_color=&#8220;color-jevc&#8220; overlay_alpha=&#8220;35&#8243; equal_height=&#8220;yes&#8220; gutter_size=&#8220;0&#8243; column_width_use_pixel=&#8220;yes&#8220; shift_y=&#8220;0&#8243; z_index=&#8220;0&#8243; row_name=&#8220;Welcome&#8220; uncode_shortcode_id=&#8220;288540&#8243; back_color_type=&#8220;uncode-palette&#8220; overlay_color_type=&#8220;uncode-palette&#8220;][vc_column column_width_use_pixel=&#8220;yes&#8220; position_vertical=&#8220;middle&#8220; align_horizontal=&#8220;align_center&#8220; gutter_size=&#8220;3&#8243; style=&#8220;dark&#8220; overlay_alpha=&#8220;50&#8243; shift_x=&#8220;0&#8243; shift_y=&#8220;0&#8243; shift_y_down=&#8220;0&#8243; z_index=&#8220;0&#8243; medium_width=&#8220;0&#8243; mobile_width=&#8220;0&#8243; width=&#8220;1\/1&#8243; uncode_shortcode_id=&#8220;122308&#8243; mobile_height=&#8220;300&#8243;][vc_row_inner row_inner_height_percent=&#8220;0&#8243; overlay_alpha=&#8220;50&#8243; gutter_size=&#8220;3&#8243; shift_y=&#8220;0&#8243; z_index=&#8220;0&#8243; limit_content=&#8220;&#8220;][vc_column_inner column_width_percent=&#8220;100&#8243; position_vertical=&#8220;middle&#8220; align_horizontal=&#8220;align_center&#8220; gutter_size=&#8220;3&#8243; style=&#8220;dark&#8220; overlay_alpha=&#8220;50&#8243; shift_x=&#8220;0&#8243; shift_y=&#8220;0&#8243; shift_y_down=&#8220;0&#8243; z_index=&#8220;0&#8243; medium_width=&#8220;0&#8243; mobile_width=&#8220;0&#8243; width=&#8220;1\/1&#8243;][vc_custom_heading heading_semantic=&#8220;h1&#8243; text_size=&#8220;h4&#8243; text_transform=&#8220;uppercase&#8220; uncode_shortcode_id=&#8220;212964&#8243;]Produkte[\/vc_custom_heading][vc_custom_heading text_size=&#8220;h1&#8243; css_animation=&#8220;top-t-bottom&#8220; animation_delay=&#8220;200&#8243; uncode_shortcode_id=&#8220;320144&#8243;]Wir entwerfen und bauen<br \/>\nkomplette L\u00f6sungen[\/vc_custom_heading][\/vc_column_inner][\/vc_row_inner][\/vc_column][\/vc_row][vc_row row_height_percent=&#8220;0&#8243; override_padding=&#8220;yes&#8220; h_padding=&#8220;2&#8243; top_padding=&#8220;3&#8243; bottom_padding=&#8220;3&#8243; back_color=&#8220;color-lxmt&#8220; overlay_alpha=&#8220;50&#8243; gutter_size=&#8220;3&#8243; column_width_percent=&#8220;100&#8243; shift_y=&#8220;0&#8243; z_index=&#8220;0&#8243; uncode_shortcode_id=&#8220;103618&#8243; back_color_type=&#8220;uncode-palette&#8220;][vc_column column_width_percent=&#8220;100&#8243; position_vertical=&#8220;middle&#8220; align_horizontal=&#8220;align_center&#8220; gutter_size=&#8220;3&#8243; overlay_alpha=&#8220;50&#8243; shift_x=&#8220;0&#8243; shift_y=&#8220;0&#8243; shift_y_down=&#8220;0&#8243; z_index=&#8220;0&#8243; medium_width=&#8220;0&#8243; mobile_width=&#8220;0&#8243; width=&#8220;1\/1&#8243; uncode_shortcode_id=&#8220;150761&#8243;][vc_custom_heading heading_semantic=&#8220;div&#8220; text_size=&#8220;h3&#8243; uncode_shortcode_id=&#8220;181668&#8243;]Wir entwerfen und bauen <strong>komplette L\u00f6sungen f\u00fcr die Formgebung<\/strong>, von mechanischen und automatischen Gesenkhaltern bis hin zu Schneid- und Pr\u00e4gesystemen, die eine Kontrolle des Produktionsprozesses erm\u00f6glichen und ideal f\u00fcr automatisierte Linien sind. Mit unseren Systemen ist ein hohes Ma\u00df an Anlageneffizienz und Bedienersicherheit m\u00f6glich.[\/vc_custom_heading][\/vc_column][\/vc_row][vc_row row_height_percent=&#8220;0&#8243; override_padding=&#8220;yes&#8220; h_padding=&#8220;2&#8243; top_padding=&#8220;3&#8243; bottom_padding=&#8220;3&#8243; overlay_alpha=&#8220;50&#8243; gutter_size=&#8220;3&#8243; column_width_percent=&#8220;100&#8243; shift_y=&#8220;0&#8243; z_index=&#8220;0&#8243; bottom_divider=&#8220;step_3_4&#8243; uncode_shortcode_id=&#8220;966357&#8243;][vc_column column_width_percent=&#8220;100&#8243; gutter_size=&#8220;3&#8243; overlay_alpha=&#8220;50&#8243; shift_x=&#8220;0&#8243; shift_y=&#8220;0&#8243; shift_y_down=&#8220;0&#8243; z_index=&#8220;0&#8243; medium_width=&#8220;0&#8243; mobile_width=&#8220;0&#8243; width=&#8220;1\/1&#8243;][vc_row_inner row_inner_height_percent=&#8220;0&#8243; overlay_alpha=&#8220;50&#8243; gutter_size=&#8220;4&#8243; shift_y=&#8220;0&#8243; z_index=&#8220;0&#8243; limit_content=&#8220;&#8220;][vc_column_inner column_width_percent=&#8220;100&#8243; gutter_size=&#8220;3&#8243; overlay_alpha=&#8220;50&#8243; shift_x=&#8220;0&#8243; shift_y=&#8220;0&#8243; shift_y_down=&#8220;0&#8243; z_index=&#8220;0&#8243; medium_width=&#8220;4&#8243; mobile_width=&#8220;0&#8243; width=&#8220;1\/2&#8243;][vc_custom_heading heading_semantic=&#8220;h3&#8243; text_size=&#8220;h1&#8243; uncode_shortcode_id=&#8220;157103&#8243;]Gesenkhalter[\/vc_custom_heading][vc_column_text uncode_shortcode_id=&#8220;292042&#8243;]Unsere im Laufe der Jahre gesammelte Erfahrung und die Kommunikation mit dem Kunden erm\u00f6glichen es uns, kundenspezifische Ausr\u00fcstungen unter Beibehaltung gewohnter Abl\u00e4ufe zu entwickeln, aber mit einem konstruktiven Ansatz zur Effizienzverbesserung.[\/vc_column_text][vc_button button_color=&#8220;accent&#8220; size=&#8220;btn-lg&#8220; radius=&#8220;btn-circle&#8220; border_width=&#8220;0&#8243; link=&#8220;url:https%3A%2F%2Fwww.rimoldi.it%2Fde%2Fportastampi%2F|title:%C3%9CBER%20UNS|&#8220; button_color_type=&#8220;uncode-palette&#8220; uncode_shortcode_id=&#8220;149511&#8243;]MEHR DAZU[\/vc_button][\/vc_column_inner][vc_column_inner column_width_percent=&#8220;100&#8243; gutter_size=&#8220;3&#8243; overlay_alpha=&#8220;50&#8243; shift_x=&#8220;0&#8243; shift_y=&#8220;0&#8243; shift_y_down=&#8220;0&#8243; z_index=&#8220;0&#8243; medium_width=&#8220;4&#8243; mobile_width=&#8220;0&#8243; width=&#8220;1\/2&#8243; uncode_shortcode_id=&#8220;422748&#8243;][vc_single_image media=&#8220;352&#8243; media_width_percent=&#8220;100&#8243; uncode_shortcode_id=&#8220;326280&#8243;][\/vc_column_inner][\/vc_row_inner][vc_empty_space empty_h=&#8220;4&#8243;][vc_row_inner row_inner_height_percent=&#8220;0&#8243; overlay_alpha=&#8220;50&#8243; gutter_size=&#8220;4&#8243; shift_y=&#8220;0&#8243; z_index=&#8220;0&#8243; inverted_device_order=&#8220;yes&#8220; limit_content=&#8220;&#8220; uncode_shortcode_id=&#8220;927811&#8243;][vc_column_inner column_width_percent=&#8220;100&#8243; gutter_size=&#8220;3&#8243; overlay_alpha=&#8220;50&#8243; shift_x=&#8220;0&#8243; shift_y=&#8220;0&#8243; shift_y_down=&#8220;0&#8243; z_index=&#8220;0&#8243; medium_width=&#8220;4&#8243; mobile_width=&#8220;0&#8243; width=&#8220;1\/2&#8243; uncode_shortcode_id=&#8220;372668&#8243;][vc_single_image media=&#8220;368&#8243; media_width_percent=&#8220;100&#8243; uncode_shortcode_id=&#8220;148279&#8243;][\/vc_column_inner][vc_column_inner column_width_percent=&#8220;100&#8243; gutter_size=&#8220;3&#8243; overlay_alpha=&#8220;50&#8243; shift_x=&#8220;0&#8243; shift_y=&#8220;0&#8243; shift_y_down=&#8220;0&#8243; z_index=&#8220;0&#8243; medium_width=&#8220;4&#8243; mobile_width=&#8220;0&#8243; width=&#8220;1\/2&#8243;][vc_custom_heading heading_semantic=&#8220;h3&#8243; text_size=&#8220;h1&#8243; uncode_shortcode_id=&#8220;181290&#8243;]Ausr\u00fcstungen und Vorrichtungen[\/vc_custom_heading][vc_column_text uncode_shortcode_id=&#8220;175675&#8243;]Zunehmend automatisierte und spezialisierte Produktionslinien haben zur Entwicklung von Hilfsausr\u00fcstungen und Vorrichtungen gef\u00fchrt, die die Gesenkhaltersysteme begleiten. Manchmal \u00fcbernehmen diese Ausr\u00fcstungen die f\u00fcr Gesenkhalter typischen Schnellwechselkonzepte, manchmal bieten sie mehr Sicherheit und Benutzerfreundlichkeit, wie im Falle der Handlingsysteme.[\/vc_column_text][vc_button button_color=&#8220;accent&#8220; size=&#8220;btn-lg&#8220; radius=&#8220;btn-circle&#8220; border_width=&#8220;0&#8243; link=&#8220;url:https%3A%2F%2Fwww.rimoldi.it%2Fde%2Fattrezzature-e-dispositivi%2F|title:%C3%9CBER%20UNS|&#8220; button_color_type=&#8220;uncode-palette&#8220; uncode_shortcode_id=&#8220;794378&#8243;]MEHR DAZU[\/vc_button][\/vc_column_inner][\/vc_row_inner][vc_empty_space empty_h=&#8220;4&#8243;][vc_row_inner row_inner_height_percent=&#8220;0&#8243; overlay_alpha=&#8220;50&#8243; gutter_size=&#8220;4&#8243; shift_y=&#8220;0&#8243; z_index=&#8220;0&#8243; limit_content=&#8220;&#8220;][vc_column_inner column_width_percent=&#8220;100&#8243; gutter_size=&#8220;3&#8243; overlay_alpha=&#8220;50&#8243; shift_x=&#8220;0&#8243; shift_y=&#8220;0&#8243; shift_y_down=&#8220;0&#8243; z_index=&#8220;0&#8243; medium_width=&#8220;4&#8243; mobile_width=&#8220;0&#8243; width=&#8220;1\/2&#8243;][vc_custom_heading heading_semantic=&#8220;h3&#8243; text_size=&#8220;h1&#8243; uncode_shortcode_id=&#8220;318199&#8243;]Ersatzteile[\/vc_custom_heading][vc_column_text uncode_shortcode_id=&#8220;160532&#8243;]Die jahrelange enge Zusammenarbeit mit Betreibern von Warmumformungsmaschinen verhalf uns zur Erfahrung und F\u00e4higkeit, auf der Grundlage von wenigen verf\u00fcgbaren Informationen Ersatzteile zu entwickeln und manchmal Maschinenteile neu zu entwerfen, um sie zu verbessern oder den aktuellen Anforderungen anzupassen.[\/vc_column_text][vc_button button_color=&#8220;accent&#8220; size=&#8220;btn-lg&#8220; radius=&#8220;btn-circle&#8220; border_width=&#8220;0&#8243; link=&#8220;url:https%3A%2F%2Fwww.rimoldi.it%2Fde%2Fparti-di-ricambio%2F|title:%C3%9CBER%20UNS|&#8220; button_color_type=&#8220;uncode-palette&#8220; uncode_shortcode_id=&#8220;123011&#8243;]MEHR DAZU[\/vc_button][\/vc_column_inner][vc_column_inner column_width_percent=&#8220;100&#8243; gutter_size=&#8220;3&#8243; overlay_alpha=&#8220;50&#8243; shift_x=&#8220;0&#8243; shift_y=&#8220;0&#8243; shift_y_down=&#8220;0&#8243; z_index=&#8220;0&#8243; medium_width=&#8220;4&#8243; mobile_width=&#8220;0&#8243; width=&#8220;1\/2&#8243; uncode_shortcode_id=&#8220;177644&#8243;][vc_single_image media=&#8220;369&#8243; media_width_percent=&#8220;100&#8243; uncode_shortcode_id=&#8220;114584&#8243;][\/vc_column_inner][\/vc_row_inner][\/vc_column][\/vc_row][vc_row row_height_percent=&#8220;50&#8243; override_padding=&#8220;yes&#8220; h_padding=&#8220;2&#8243; top_padding=&#8220;5&#8243; bottom_padding=&#8220;5&#8243; back_color=&#8220;accent&#8220; overlay_color=&#8220;accent&#8220; overlay_alpha=&#8220;80&#8243; equal_height=&#8220;yes&#8220; gutter_size=&#8220;4&#8243; column_width_percent=&#8220;100&#8243; shift_y=&#8220;0&#8243; z_index=&#8220;0&#8243; uncode_shortcode_id=&#8220;335227&#8243; back_color_type=&#8220;uncode-palette&#8220; overlay_color_type=&#8220;uncode-palette&#8220;][vc_column column_width_percent=&#8220;100&#8243; position_vertical=&#8220;middle&#8220; gutter_size=&#8220;3&#8243; style=&#8220;light&#8220; back_color=&#8220;color-lxmt&#8220; overlay_alpha=&#8220;50&#8243; radius=&#8220;std&#8220; shift_x=&#8220;0&#8243; shift_y=&#8220;0&#8243; shift_y_down=&#8220;0&#8243; z_index=&#8220;0&#8243; medium_width=&#8220;0&#8243; mobile_width=&#8220;0&#8243; width=&#8220;1\/1&#8243; uncode_shortcode_id=&#8220;171053&#8243; back_color_type=&#8220;uncode-palette&#8220;][vc_custom_heading heading_semantic=&#8220;h3&#8243; text_size=&#8220;h1&#8243; uncode_shortcode_id=&#8220;987418&#8243;]Laden Sie unser Unternehmensprofil herunter[\/vc_custom_heading][vc_custom_heading heading_semantic=&#8220;h3&#8243; text_weight=&#8220;500&#8243; uncode_shortcode_id=&#8220;587116&#8243;]F\u00fcllen Sie das Formular aus und entdecken Sie alle unsere Produkte und Dienstleistungen im Detail.[\/vc_custom_heading]\n<div class=\"wpcf7 no-js\" id=\"wpcf7-f1743-o1\" lang=\"de-DE\" dir=\"ltr\" data-wpcf7-id=\"1743\">\n<div class=\"screen-reader-response\"><p role=\"status\" aria-live=\"polite\" aria-atomic=\"true\"><\/p> <ul><\/ul><\/div>\n<form action=\"\/de\/wp-json\/wp\/v2\/pages\/1061#wpcf7-f1743-o1\" method=\"post\" class=\"wpcf7-form init\" aria-label=\"Kontaktformular\" novalidate=\"novalidate\" data-status=\"init\">\n<fieldset class=\"hidden-fields-container\"><input type=\"hidden\" name=\"_wpcf7\" value=\"1743\" \/><input type=\"hidden\" name=\"_wpcf7_version\" value=\"6.1.5\" \/><input type=\"hidden\" name=\"_wpcf7_locale\" value=\"de_DE\" \/><input type=\"hidden\" name=\"_wpcf7_unit_tag\" value=\"wpcf7-f1743-o1\" \/><input type=\"hidden\" name=\"_wpcf7_container_post\" value=\"0\" \/><input type=\"hidden\" name=\"_wpcf7_posted_data_hash\" value=\"\" \/>\n<\/fieldset>\n<div class=\"wpcf7-inline-wrapper\">\n\t<p class=\"wpcf7-inline-field\"><span class=\"wpcf7-form-control-wrap\" data-name=\"your-firstname\"><input size=\"40\" maxlength=\"400\" class=\"wpcf7-form-control wpcf7-text wpcf7-validates-as-required\" aria-required=\"true\" aria-invalid=\"false\" placeholder=\"Name\" value=\"\" type=\"text\" name=\"your-firstname\" \/><\/span>\n\t<\/p>\n\t<p class=\"wpcf7-inline-field\"><span class=\"wpcf7-form-control-wrap\" data-name=\"your-lastname\"><input size=\"40\" maxlength=\"400\" class=\"wpcf7-form-control wpcf7-text wpcf7-validates-as-required\" aria-required=\"true\" aria-invalid=\"false\" placeholder=\"Nachname\" value=\"\" type=\"text\" name=\"your-lastname\" \/><\/span>\n\t<\/p>\n<\/div>\n<div class=\"wpcf7-inline-wrapper\">\n\t<p class=\"wpcf7-inline-field\"><span class=\"wpcf7-form-control-wrap\" data-name=\"your-email\"><input size=\"40\" maxlength=\"400\" class=\"wpcf7-form-control wpcf7-email wpcf7-validates-as-required wpcf7-text wpcf7-validates-as-email\" aria-required=\"true\" aria-invalid=\"false\" placeholder=\"E-Mail\" value=\"\" type=\"email\" name=\"your-email\" \/><\/span>\n\t<\/p>\n\t<p class=\"wpcf7-inline-field\"><span class=\"wpcf7-form-control-wrap\" data-name=\"azienda\"><input size=\"40\" maxlength=\"400\" class=\"wpcf7-form-control wpcf7-text\" aria-invalid=\"false\" placeholder=\"Unternehmen\" value=\"\" type=\"text\" name=\"azienda\" \/><\/span>\n\t<\/p>\n<\/div>\n<p><span class=\"wpcf7-form-control-wrap\" data-name=\"acceptance-550\"><span class=\"wpcf7-form-control wpcf7-acceptance\"><span class=\"wpcf7-list-item\"><label><input type=\"checkbox\" name=\"acceptance-550\" value=\"1\" aria-invalid=\"false\" \/><span class=\"wpcf7-list-item-label\">Nach sorgf\u00e4ltiger Lekt\u00fcre der <a href=\u201ehttp:\/\/www.rimoldi.it\/privacy-policy\/\u201c target=\u201e_blank\u201c style=\u201ecolor:red;\u201c>Datenschutzerkl\u00e4rung<\/a> und nachdem ich die Merkmale der Verarbeitung personenbezogener Daten verstanden habe, die zur Erf\u00fcllung meiner Anfrage nach Kontaktaufnahme und Erhalt eines Angebots zu den kommerziellen Dienstleistungen von PIETRO RIMOLDI & C. s.r.l. durchgef\u00fchrt werden, erteile ich Ihnen hiermit meine freie, ausdr\u00fcckliche, informierte und unmissverst\u00e4ndliche Zustimmung zur Verarbeitung dieser personenbezogenen Daten zu den im oben genannten Informationsschreiben angegebenen Zwecken, d.h. um meiner Bitte nachzukommen, kontaktiert zu werden und ein Angebot \u00fcber die kommerziellen Dienstleistungen von PIETRO RIMOLDI & C. s.r.l. zu erhalten und um Ihre Informations-E-Mails zu erhalten.<\/span><\/label><\/span><\/span><\/span>\n<\/p>\n<div class=\"map_custom_notify map_api_key_hcaptcha showConsentAgain\" style=\"display: block;\">\n\t<p>Warnung: M\u00f6glicherweise erlauben Ihre Cookie-Einstellungen nicht, dass das Formular abgeschickt wird. Klicken Sie hier, um Ihre Einstellungen zu \u00fcberpr\u00fcfen.\n\t<\/p>\n<\/div>\n<p><span class=\"wpcf7-form-control-wrap\" data-name=\"hcap-cf7\">\t\t<input\n\t\t\t\ttype=\"hidden\"\n\t\t\t\tclass=\"hcaptcha-widget-id\"\n\t\t\t\tname=\"hcaptcha-widget-id\"\n\t\t\t\tvalue=\"eyJzb3VyY2UiOlsiY29udGFjdC1mb3JtLTdcL3dwLWNvbnRhY3QtZm9ybS03LnBocCJdLCJmb3JtX2lkIjoxNTMyfQ==-4ea7478133a104a0b4fa059ca31e1aca\">\n\t\t\t\t<span id=\"hcap_cf7-69f0e9fa99bcc4.48138380\" class=\"wpcf7-form-control h-captcha \"\n\t\t\tdata-sitekey=\"c508a7c8-eb08-4610-ab3c-d81cf9b6b412\"\n\t\t\tdata-theme=\"light\"\n\t\t\tdata-size=\"normal\"\n\t\t\tdata-auto=\"false\"\n\t\t\tdata-ajax=\"false\"\n\t\t\tdata-force=\"false\">\n\t\t<\/span>\n\t\t<input type=\"hidden\" id=\"_wpnonce\" name=\"_wpnonce\" value=\"5725bec398\" \/><input type=\"hidden\" name=\"_wp_http_referer\" value=\"\/de\/wp-json\/wp\/v2\/pages\/1061\" \/><\/span><input class=\"wpcf7-form-control wpcf7-submit has-spinner btn btn-accent btn-block\" type=\"submit\" value=\"Senden Sie mir das Unternehmensprofil\" \/>\n<\/p><div class=\"wpcf7-response-output\" aria-hidden=\"true\"><\/div>\n<\/form>\n<\/div>\n[\/vc_column][\/vc_row]<\/p>\n<\/div>","protected":false},"excerpt":{"rendered":"<p>[vc_row row_height_percent=&#8220;30&#8243; back_color=&#8220;accent&#8220; back_image=&#8220;285&#8243; overlay_color=&#8220;color-jevc&#8220; overlay_alpha=&#8220;35&#8243; equal_height=&#8220;yes&#8220; gutter_size=&#8220;0&#8243; column_width_use_pixel=&#8220;yes&#8220; shift_y=&#8220;0&#8243; z_index=&#8220;0&#8243; row_name=&#8220;Welcome&#8220; uncode_shortcode_id=&#8220;288540&#8243; back_color_type=&#8220;uncode-palette&#8220; overlay_color_type=&#8220;uncode-palette&#8220;][vc_column column_width_use_pixel=&#8220;yes&#8220; position_vertical=&#8220;middle&#8220; align_horizontal=&#8220;align_center&#8220; gutter_size=&#8220;3&#8243; style=&#8220;dark&#8220; [&hellip;]<\/p>\n","protected":false},"author":2,"featured_media":0,"parent":0,"menu_order":0,"comment_status":"closed","ping_status":"closed","template":"","meta":{"footnotes":""},"class_list":["post-1061","page","type-page","status-publish","hentry"],"yoast_head":"<!-- This site is optimized with the Yoast SEO plugin v27.4 - https:\/\/yoast.com\/product\/yoast-seo-wordpress\/ -->\n<title>Produkte - Rimoldi<\/title>\n<meta name=\"description\" content=\"Wir entwerfen und bauen komplette L\u00f6sungen f\u00fcr die Formgebung, von mechanischen und automatischen Gesenkhaltern bis hin zu Schneid- und Pr\u00e4gesystemen, die eine Kontrolle des Produktionsprozesses erm\u00f6glichen und ideal f\u00fcr automatisierte Linien sind.\" \/>\n<meta name=\"robots\" content=\"index, follow, max-snippet:-1, max-image-preview:large, max-video-preview:-1\" \/>\n<link rel=\"canonical\" href=\"https:\/\/www.rimoldi.it\/de\/prodotti\/\" \/>\n<meta property=\"og:locale\" content=\"de_DE\" \/>\n<meta property=\"og:type\" content=\"article\" \/>\n<meta property=\"og:title\" content=\"Produkte - Rimoldi\" \/>\n<meta property=\"og:description\" content=\"Wir entwerfen und bauen komplette L\u00f6sungen f\u00fcr die Formgebung, von mechanischen und automatischen Gesenkhaltern bis hin zu Schneid- und Pr\u00e4gesystemen, die eine Kontrolle des Produktionsprozesses erm\u00f6glichen und ideal f\u00fcr automatisierte Linien sind.\" \/>\n<meta property=\"og:url\" content=\"https:\/\/www.rimoldi.it\/de\/prodotti\/\" \/>\n<meta property=\"og:site_name\" content=\"Rimoldi\" \/>\n<meta property=\"article:modified_time\" content=\"2024-12-12T15:16:35+00:00\" \/>\n<meta name=\"twitter:card\" content=\"summary_large_image\" \/>\n<meta name=\"twitter:label1\" content=\"Gesch\u00e4tzte Lesezeit\" \/>\n\t<meta name=\"twitter:data1\" content=\"3\u00a0Minuten\" \/>\n<script type=\"application\/ld+json\" class=\"yoast-schema-graph\">{\"@context\":\"https:\\\/\\\/schema.org\",\"@graph\":[{\"@type\":\"WebPage\",\"@id\":\"https:\\\/\\\/www.rimoldi.it\\\/de\\\/prodotti\\\/\",\"url\":\"https:\\\/\\\/www.rimoldi.it\\\/de\\\/prodotti\\\/\",\"name\":\"Produkte - Rimoldi\",\"isPartOf\":{\"@id\":\"https:\\\/\\\/www.rimoldi.it\\\/de\\\/#website\"},\"datePublished\":\"2022-10-20T14:34:15+00:00\",\"dateModified\":\"2024-12-12T15:16:35+00:00\",\"description\":\"Wir entwerfen und bauen komplette L\u00f6sungen f\u00fcr die Formgebung, von mechanischen und automatischen Gesenkhaltern bis hin zu Schneid- und Pr\u00e4gesystemen, die eine Kontrolle des Produktionsprozesses erm\u00f6glichen und ideal f\u00fcr automatisierte Linien sind.\",\"breadcrumb\":{\"@id\":\"https:\\\/\\\/www.rimoldi.it\\\/de\\\/prodotti\\\/#breadcrumb\"},\"inLanguage\":\"de\",\"potentialAction\":[{\"@type\":\"ReadAction\",\"target\":[\"https:\\\/\\\/www.rimoldi.it\\\/de\\\/prodotti\\\/\"]}]},{\"@type\":\"BreadcrumbList\",\"@id\":\"https:\\\/\\\/www.rimoldi.it\\\/de\\\/prodotti\\\/#breadcrumb\",\"itemListElement\":[{\"@type\":\"ListItem\",\"position\":1,\"name\":\"Home\",\"item\":\"https:\\\/\\\/www.rimoldi.it\\\/de\\\/\"},{\"@type\":\"ListItem\",\"position\":2,\"name\":\"Produkte\"}]},{\"@type\":\"WebSite\",\"@id\":\"https:\\\/\\\/www.rimoldi.it\\\/de\\\/#website\",\"url\":\"https:\\\/\\\/www.rimoldi.it\\\/de\\\/\",\"name\":\"Rimoldi\",\"description\":\"Soluzioni per lo stampaggio\",\"publisher\":{\"@id\":\"https:\\\/\\\/www.rimoldi.it\\\/de\\\/#organization\"},\"potentialAction\":[{\"@type\":\"SearchAction\",\"target\":{\"@type\":\"EntryPoint\",\"urlTemplate\":\"https:\\\/\\\/www.rimoldi.it\\\/de\\\/?s={search_term_string}\"},\"query-input\":{\"@type\":\"PropertyValueSpecification\",\"valueRequired\":true,\"valueName\":\"search_term_string\"}}],\"inLanguage\":\"de\"},{\"@type\":\"Organization\",\"@id\":\"https:\\\/\\\/www.rimoldi.it\\\/de\\\/#organization\",\"name\":\"Rimoldi Soluzioni per lo stampaggio\",\"url\":\"https:\\\/\\\/www.rimoldi.it\\\/de\\\/\",\"logo\":{\"@type\":\"ImageObject\",\"inLanguage\":\"de\",\"@id\":\"https:\\\/\\\/www.rimoldi.it\\\/de\\\/#\\\/schema\\\/logo\\\/image\\\/\",\"url\":\"https:\\\/\\\/www.rimoldi.it\\\/wp-content\\\/uploads\\\/2022\\\/10\\\/logoRimoldi.svg\",\"contentUrl\":\"https:\\\/\\\/www.rimoldi.it\\\/wp-content\\\/uploads\\\/2022\\\/10\\\/logoRimoldi.svg\",\"width\":\"280\",\"height\":\"85\",\"caption\":\"Rimoldi Soluzioni per lo stampaggio\"},\"image\":{\"@id\":\"https:\\\/\\\/www.rimoldi.it\\\/de\\\/#\\\/schema\\\/logo\\\/image\\\/\"},\"sameAs\":[\"https:\\\/\\\/www.linkedin.com\\\/company\\\/pietrorimoldi\\\/\"]}]}<\/script>\n<!-- \/ Yoast SEO plugin. -->","yoast_head_json":{"title":"Produkte - Rimoldi","description":"Wir entwerfen und bauen komplette L\u00f6sungen f\u00fcr die Formgebung, von mechanischen und automatischen Gesenkhaltern bis hin zu Schneid- und Pr\u00e4gesystemen, die eine Kontrolle des Produktionsprozesses erm\u00f6glichen und ideal f\u00fcr automatisierte Linien sind.","robots":{"index":"index","follow":"follow","max-snippet":"max-snippet:-1","max-image-preview":"max-image-preview:large","max-video-preview":"max-video-preview:-1"},"canonical":"https:\/\/www.rimoldi.it\/de\/prodotti\/","og_locale":"de_DE","og_type":"article","og_title":"Produkte - Rimoldi","og_description":"Wir entwerfen und bauen komplette L\u00f6sungen f\u00fcr die Formgebung, von mechanischen und automatischen Gesenkhaltern bis hin zu Schneid- und Pr\u00e4gesystemen, die eine Kontrolle des Produktionsprozesses erm\u00f6glichen und ideal f\u00fcr automatisierte Linien sind.","og_url":"https:\/\/www.rimoldi.it\/de\/prodotti\/","og_site_name":"Rimoldi","article_modified_time":"2024-12-12T15:16:35+00:00","twitter_card":"summary_large_image","twitter_misc":{"Gesch\u00e4tzte Lesezeit":"3\u00a0Minuten"},"schema":{"@context":"https:\/\/schema.org","@graph":[{"@type":"WebPage","@id":"https:\/\/www.rimoldi.it\/de\/prodotti\/","url":"https:\/\/www.rimoldi.it\/de\/prodotti\/","name":"Produkte - Rimoldi","isPartOf":{"@id":"https:\/\/www.rimoldi.it\/de\/#website"},"datePublished":"2022-10-20T14:34:15+00:00","dateModified":"2024-12-12T15:16:35+00:00","description":"Wir entwerfen und bauen komplette L\u00f6sungen f\u00fcr die Formgebung, von mechanischen und automatischen Gesenkhaltern bis hin zu Schneid- und Pr\u00e4gesystemen, die eine Kontrolle des Produktionsprozesses erm\u00f6glichen und ideal f\u00fcr automatisierte Linien sind.","breadcrumb":{"@id":"https:\/\/www.rimoldi.it\/de\/prodotti\/#breadcrumb"},"inLanguage":"de","potentialAction":[{"@type":"ReadAction","target":["https:\/\/www.rimoldi.it\/de\/prodotti\/"]}]},{"@type":"BreadcrumbList","@id":"https:\/\/www.rimoldi.it\/de\/prodotti\/#breadcrumb","itemListElement":[{"@type":"ListItem","position":1,"name":"Home","item":"https:\/\/www.rimoldi.it\/de\/"},{"@type":"ListItem","position":2,"name":"Produkte"}]},{"@type":"WebSite","@id":"https:\/\/www.rimoldi.it\/de\/#website","url":"https:\/\/www.rimoldi.it\/de\/","name":"Rimoldi","description":"Soluzioni per lo stampaggio","publisher":{"@id":"https:\/\/www.rimoldi.it\/de\/#organization"},"potentialAction":[{"@type":"SearchAction","target":{"@type":"EntryPoint","urlTemplate":"https:\/\/www.rimoldi.it\/de\/?s={search_term_string}"},"query-input":{"@type":"PropertyValueSpecification","valueRequired":true,"valueName":"search_term_string"}}],"inLanguage":"de"},{"@type":"Organization","@id":"https:\/\/www.rimoldi.it\/de\/#organization","name":"Rimoldi Soluzioni per lo stampaggio","url":"https:\/\/www.rimoldi.it\/de\/","logo":{"@type":"ImageObject","inLanguage":"de","@id":"https:\/\/www.rimoldi.it\/de\/#\/schema\/logo\/image\/","url":"https:\/\/www.rimoldi.it\/wp-content\/uploads\/2022\/10\/logoRimoldi.svg","contentUrl":"https:\/\/www.rimoldi.it\/wp-content\/uploads\/2022\/10\/logoRimoldi.svg","width":"280","height":"85","caption":"Rimoldi Soluzioni per lo stampaggio"},"image":{"@id":"https:\/\/www.rimoldi.it\/de\/#\/schema\/logo\/image\/"},"sameAs":["https:\/\/www.linkedin.com\/company\/pietrorimoldi\/"]}]}},"_links":{"self":[{"href":"https:\/\/www.rimoldi.it\/de\/wp-json\/wp\/v2\/pages\/1061","targetHints":{"allow":["GET"]}}],"collection":[{"href":"https:\/\/www.rimoldi.it\/de\/wp-json\/wp\/v2\/pages"}],"about":[{"href":"https:\/\/www.rimoldi.it\/de\/wp-json\/wp\/v2\/types\/page"}],"author":[{"embeddable":true,"href":"https:\/\/www.rimoldi.it\/de\/wp-json\/wp\/v2\/users\/2"}],"replies":[{"embeddable":true,"href":"https:\/\/www.rimoldi.it\/de\/wp-json\/wp\/v2\/comments?post=1061"}],"version-history":[{"count":10,"href":"https:\/\/www.rimoldi.it\/de\/wp-json\/wp\/v2\/pages\/1061\/revisions"}],"predecessor-version":[{"id":1752,"href":"https:\/\/www.rimoldi.it\/de\/wp-json\/wp\/v2\/pages\/1061\/revisions\/1752"}],"wp:attachment":[{"href":"https:\/\/www.rimoldi.it\/de\/wp-json\/wp\/v2\/media?parent=1061"}],"curies":[{"name":"wp","href":"https:\/\/api.w.org\/{rel}","templated":true}]}}