{"id":1020,"date":"2023-03-03T10:46:23","date_gmt":"2023-03-03T10:46:23","guid":{"rendered":"https:\/\/www.rimoldi.it\/attrezzature-e-dispositivi\/"},"modified":"2023-12-11T16:57:31","modified_gmt":"2023-12-11T16:57:31","slug":"attrezzature-e-dispositivi","status":"publish","type":"page","link":"https:\/\/www.rimoldi.it\/de\/attrezzature-e-dispositivi\/","title":{"rendered":"Ausr\u00fcstungen und Vorrichtungen"},"content":{"rendered":"<div class=\"wpb-content-wrapper\"><p>[vc_row row_height_percent=&#8220;30&#8243; back_color=&#8220;accent&#8220; back_image=&#8220;211&#8243; overlay_color=&#8220;color-jevc&#8220; overlay_alpha=&#8220;35&#8243; equal_height=&#8220;yes&#8220; gutter_size=&#8220;0&#8243; column_width_use_pixel=&#8220;yes&#8220; shift_y=&#8220;0&#8243; z_index=&#8220;0&#8243; row_name=&#8220;Welcome&#8220; uncode_shortcode_id=&#8220;148311&#8243; back_color_type=&#8220;uncode-palette&#8220; overlay_color_type=&#8220;uncode-palette&#8220;][vc_column column_width_use_pixel=&#8220;yes&#8220; position_vertical=&#8220;middle&#8220; align_horizontal=&#8220;align_center&#8220; gutter_size=&#8220;3&#8243; style=&#8220;dark&#8220; overlay_alpha=&#8220;50&#8243; shift_x=&#8220;0&#8243; shift_y=&#8220;0&#8243; shift_y_down=&#8220;0&#8243; z_index=&#8220;0&#8243; medium_width=&#8220;0&#8243; mobile_width=&#8220;0&#8243; width=&#8220;1\/1&#8243; uncode_shortcode_id=&#8220;339422&#8243; mobile_height=&#8220;300&#8243;][vc_row_inner row_inner_height_percent=&#8220;0&#8243; overlay_alpha=&#8220;50&#8243; gutter_size=&#8220;3&#8243; shift_y=&#8220;0&#8243; z_index=&#8220;0&#8243; limit_content=&#8220;&#8220;][vc_column_inner column_width_percent=&#8220;100&#8243; position_vertical=&#8220;middle&#8220; align_horizontal=&#8220;align_center&#8220; gutter_size=&#8220;3&#8243; style=&#8220;dark&#8220; overlay_alpha=&#8220;50&#8243; shift_x=&#8220;0&#8243; shift_y=&#8220;0&#8243; shift_y_down=&#8220;0&#8243; z_index=&#8220;0&#8243; medium_width=&#8220;0&#8243; mobile_width=&#8220;0&#8243; width=&#8220;1\/1&#8243;][vc_custom_heading heading_semantic=&#8220;h1&#8243; text_size=&#8220;h1&#8243; text_transform=&#8220;uppercase&#8220; uncode_shortcode_id=&#8220;191878&#8243;]Ausr\u00fcstungen und Vorrichtungen[\/vc_custom_heading][\/vc_column_inner][\/vc_row_inner][\/vc_column][\/vc_row][vc_row row_height_percent=&#8220;0&#8243; override_padding=&#8220;yes&#8220; h_padding=&#8220;2&#8243; top_padding=&#8220;5&#8243; bottom_padding=&#8220;5&#8243; overlay_alpha=&#8220;50&#8243; gutter_size=&#8220;3&#8243; column_width_percent=&#8220;100&#8243; shift_y=&#8220;0&#8243; z_index=&#8220;1&#8243; top_divider=&#8220;gradient&#8220; bottom_divider=&#8220;gradient&#8220;][vc_column column_width_percent=&#8220;100&#8243; gutter_size=&#8220;4&#8243; overlay_alpha=&#8220;50&#8243; shift_x=&#8220;0&#8243; shift_y=&#8220;0&#8243; shift_y_down=&#8220;0&#8243; z_index=&#8220;0&#8243; medium_width=&#8220;0&#8243; mobile_width=&#8220;0&#8243; width=&#8220;1\/1&#8243;][vc_row_inner row_inner_height_percent=&#8220;0&#8243; overlay_alpha=&#8220;50&#8243; equal_height=&#8220;yes&#8220; gutter_size=&#8220;4&#8243; shift_y=&#8220;0&#8243; z_index=&#8220;0&#8243; limit_content=&#8220;&#8220;][vc_column_inner column_width_percent=&#8220;100&#8243; gutter_size=&#8220;3&#8243; overlay_alpha=&#8220;50&#8243; shift_x=&#8220;0&#8243; shift_y=&#8220;0&#8243; shift_y_down=&#8220;0&#8243; z_index=&#8220;0&#8243; medium_width=&#8220;3&#8243; mobile_width=&#8220;0&#8243; radius=&#8220;sm&#8220; width=&#8220;1\/2&#8243;][vc_icon icon=&#8220;fa fa-adjustments&#8220; icon_image=&#8220;243&#8243; icon_color=&#8220;accent&#8220; media_size=&#8220;80&#8243; text_size=&#8220;h4&#8243; title=&#8220;Gewichts\u00fcberwachung und -analyse&#8220; link=&#8220;|||&#8220; uncode_shortcode_id=&#8220;180879&#8243; icon_color_type=&#8220;uncode-palette&#8220;]<\/p>\n<p class=\"p1\">Wir entwickeln und fertigen <strong>pr\u00e4zise<\/strong> Systeme zur Erfassung und <strong>Analyse<\/strong> der Belastungsbedingungen in der Presse. Unsere Systeme sind sorgf\u00e4ltig auf die Eigenschaften jeder Maschine abgestimmt und werden mit <strong>zertifizierten<\/strong>, intern entwickelten Instrumenten <strong>kalibriert<\/strong>, um h\u00f6chste <strong>Pr\u00e4zision<\/strong> zu gew\u00e4hrleisten.<\/p>\n<p class=\"p1\">Die Daten k\u00f6nnen zusammen mit anderen Produktions- und Betriebsparametern aufgezeichnet und mit unterschiedlichen Informationssystemen ausgetauscht werden. Eine praktische <strong><strong>Webschnittstelle<\/strong> erm\u00f6glicht das Herunterladen von Daten und liefert n\u00fctzliche Informationen zum Schmiedevorgang.<\/strong><\/p>\n<p>[\/vc_icon][\/vc_column_inner][vc_column_inner column_width_percent=&#8220;100&#8243; gutter_size=&#8220;3&#8243; overlay_alpha=&#8220;50&#8243; shift_x=&#8220;0&#8243; shift_y=&#8220;0&#8243; shift_y_down=&#8220;0&#8243; z_index=&#8220;0&#8243; medium_width=&#8220;3&#8243; mobile_width=&#8220;0&#8243; radius=&#8220;sm&#8220; width=&#8220;1\/2&#8243;][vc_icon icon=&#8220;fa fa-adjustments&#8220; icon_image=&#8220;297&#8243; icon_color=&#8220;accent&#8220; media_size=&#8220;80&#8243; text_size=&#8220;h4&#8243; title=&#8220;Schneidger\u00e4te&#8220; link=&#8220;|||&#8220; uncode_shortcode_id=&#8220;128344&#8243; icon_color_type=&#8220;uncode-palette&#8220;]<\/p>\n<p class=\"p1\">Aufgrund der nat\u00fcrlichen Entwicklung der Schmiedetechnologie und der Herausforderungen des Marktes haben wir begonnen, die traditionellen Schneidger\u00e4te zu \u00fcberdenken, um alle Einschr\u00e4nkungen zu \u00fcberwinden und sie f\u00fcr <strong>moderne<\/strong>, <strong>automatisierte<\/strong> <strong>Linien<\/strong> <strong>geeignet<\/strong> zu machen. Diese neuen <strong>hydraulisch<\/strong> betriebenen Ger\u00e4te erledigen das Bohren, Entgraten, Pr\u00e4gen oder Markieren des Teils in einem einzigen Pressvorgang. Dank der sorgf\u00e4ltigen Planung der spezifischen hydraulischen und elektronischen Ausr\u00fcstung k\u00f6nnen diese Funktionen schnell im Hinblick auf die gew\u00fcnschten Vorg\u00e4nge w\u00e4hrend des Schmiedens umkonfiguriert werden.<\/p>\n<p class=\"p1\">Diese auf normalen Stanzpressen eingesetzten Ger\u00e4te k\u00f6nnen mit <strong>Schnellwechselsystemen<\/strong> ausgestattet werden, um minimale Setupzeiten der Linie zu gew\u00e4hrleisten. Optional k\u00f6nnen sie mit automatischen Systemen zur Entfernung von Graten und einem Werkst\u00fcckentladesystem ausgestattet werden, das den Einsatz teurer Roboter \u00fcberfl\u00fcssig macht und zu <strong>k\u00fcrzeren Zykluszeiten<\/strong> beitr\u00e4gt.<\/p>\n<p>[\/vc_icon][\/vc_column_inner][\/vc_row_inner][vc_row_inner row_inner_height_percent=&#8220;0&#8243; overlay_alpha=&#8220;50&#8243; equal_height=&#8220;yes&#8220; gutter_size=&#8220;4&#8243; shift_y=&#8220;0&#8243; z_index=&#8220;0&#8243; limit_content=&#8220;&#8220;][vc_column_inner column_width_percent=&#8220;100&#8243; gutter_size=&#8220;3&#8243; overlay_alpha=&#8220;50&#8243; shift_x=&#8220;0&#8243; shift_y=&#8220;0&#8243; shift_y_down=&#8220;0&#8243; z_index=&#8220;0&#8243; medium_width=&#8220;3&#8243; mobile_width=&#8220;0&#8243; radius=&#8220;sm&#8220; width=&#8220;1\/2&#8243;][vc_icon icon=&#8220;fa fa-adjustments&#8220; icon_image=&#8220;244&#8243; icon_color=&#8220;accent&#8220; media_size=&#8220;80&#8243; text_size=&#8220;h4&#8243; title=&#8220;Handlingsysteme f\u00fcr Gesenke&#8220; link=&#8220;|||&#8220; uncode_shortcode_id=&#8220;625776&#8243; icon_color_type=&#8220;uncode-palette&#8220;]<\/p>\n<p class=\"p1\">Die steigende Nachfrage nach Effizienz, Sicherheit und gr\u00f6\u00dferen Ausr\u00fcstungen hat uns dazu veranlasst, eine Reihe von L\u00f6sungen zur Unterst\u00fctzung des <strong>Gesenkwechsels<\/strong> zu entwickeln. Diese L\u00f6sungen reichen von einfachen Werkzeugwechselarmen mit einer Kapazit\u00e4t von bis zu 5.000 kg bis hin zu vollautomatischen schienengebundenen Systemen f\u00fcr das Fortbewegen von Kassetten mit einem Gewicht von bis zu 20.000 kg.<\/p>\n<p><strong>Trennsysteme<\/strong> f\u00fcr das Gesenkpaket sind auf Anfrage erh\u00e4ltlich. Das Design der Tr\u00e4ger erm\u00f6glicht eine maximale <strong>Einbindung<\/strong>, was f\u00fcr den Endnutzer mit h\u00f6chster <strong>Unmittelbarkeit<\/strong> der Nutzung gleichzusetzen ist.[\/vc_icon][\/vc_column_inner][vc_column_inner column_width_percent=&#8220;100&#8243; gutter_size=&#8220;3&#8243; overlay_alpha=&#8220;50&#8243; shift_x=&#8220;0&#8243; shift_y=&#8220;0&#8243; shift_y_down=&#8220;0&#8243; z_index=&#8220;0&#8243; medium_width=&#8220;3&#8243; mobile_width=&#8220;0&#8243; radius=&#8220;sm&#8220; width=&#8220;1\/2&#8243;][vc_icon icon=&#8220;fa fa-adjustments&#8220; icon_image=&#8220;242&#8243; icon_color=&#8220;accent&#8220; media_size=&#8220;80&#8243; text_size=&#8220;h4&#8243; title=&#8220;Hilfseinrichtungen&#8220; link=&#8220;|||&#8220; uncode_shortcode_id=&#8220;214545&#8243; icon_color_type=&#8220;uncode-palette&#8220;]<\/p>\n<p class=\"p1\">Im Laufe der Jahre wurden Hilfseinrichtungen entwickelt, wie z. B. <strong>Warmschrumpfsysteme<\/strong> f\u00fcr Gesenke und deren Entnahme, <strong>Hochdruckhydrauliksysteme<\/strong> zum Entfernen von Schlacke auf Kn\u00fcppeln, Maschinenteile zur <strong>Umsetzung<\/strong> spezifischer neuer <strong>Funktionen in der Presse<\/strong> oder als <strong>Unterst\u00fctzung<\/strong> bei Maschinen\u00fcberholungen.<\/p>\n<p>[\/vc_icon][\/vc_column_inner][\/vc_row_inner][\/vc_column][\/vc_row][vc_row row_height_percent=&#8220;0&#8243; override_padding=&#8220;yes&#8220; h_padding=&#8220;2&#8243; top_padding=&#8220;3&#8243; bottom_padding=&#8220;3&#8243; overlay_alpha=&#8220;50&#8243; gutter_size=&#8220;3&#8243; column_width_percent=&#8220;100&#8243; shift_y=&#8220;0&#8243; z_index=&#8220;0&#8243; bottom_divider=&#8220;step_3_4&#8243; uncode_shortcode_id=&#8220;966357&#8243;][vc_column column_width_percent=&#8220;100&#8243; gutter_size=&#8220;3&#8243; overlay_alpha=&#8220;50&#8243; shift_x=&#8220;0&#8243; shift_y=&#8220;0&#8243; shift_y_down=&#8220;0&#8243; z_index=&#8220;0&#8243; medium_width=&#8220;0&#8243; mobile_width=&#8220;0&#8243; width=&#8220;1\/1&#8243;][vc_row_inner limit_content=&#8220;&#8220;][vc_column_inner width=&#8220;1\/1&#8243;][vc_gallery el_id=&#8220;gallery-73689423&#8243; type=&#8220;carousel&#8220; medias=&#8220;458,465,464,463,462,459,460,461&#8243; carousel_lg=&#8220;1&#8243; carousel_md=&#8220;2&#8243; carousel_sm=&#8220;1&#8243; thumb_size=&#8220;one-one&#8220; gutter_size=&#8220;4&#8243; media_items=&#8220;media|lightbox|original,icon|md&#8220; carousel_interval=&#8220;0&#8243; carousel_navspeed=&#8220;400&#8243; carousel_loop=&#8220;yes&#8220; carousel_overflow=&#8220;yes&#8220; carousel_dots=&#8220;yes&#8220; carousel_dots_space=&#8220;yes&#8220; carousel_dots_mobile=&#8220;yes&#8220; stage_padding=&#8220;70&#8243; single_shape=&#8220;round&#8220; radius=&#8220;xs&#8220; single_overlay_color=&#8220;color-wayh&#8220; single_overlay_opacity=&#8220;50&#8243; single_image_anim=&#8220;no&#8220; single_h_align=&#8220;center&#8220; single_padding=&#8220;2&#8243; single_icon=&#8220;fa fa-plus2&#8243; single_border=&#8220;yes&#8220; single_css_animation=&#8220;zoom-in&#8220; single_animation_delay=&#8220;200&#8243; lbox_no_tmb=&#8220;yes&#8220; carousel_rtl=&#8220;&#8220; single_title_uppercase=&#8220;&#8220; single_half_padding=&#8220;&#8220; single_title_serif=&#8220;&#8220; single_no_background=&#8220;&#8220; uncode_shortcode_id=&#8220;174245&#8243;][\/vc_column_inner][\/vc_row_inner][\/vc_column][\/vc_row]<\/p>\n<\/div>","protected":false},"excerpt":{"rendered":"<p>[vc_row row_height_percent=&#8220;30&#8243; back_color=&#8220;accent&#8220; back_image=&#8220;211&#8243; overlay_color=&#8220;color-jevc&#8220; overlay_alpha=&#8220;35&#8243; equal_height=&#8220;yes&#8220; gutter_size=&#8220;0&#8243; column_width_use_pixel=&#8220;yes&#8220; shift_y=&#8220;0&#8243; z_index=&#8220;0&#8243; row_name=&#8220;Welcome&#8220; uncode_shortcode_id=&#8220;148311&#8243; back_color_type=&#8220;uncode-palette&#8220; overlay_color_type=&#8220;uncode-palette&#8220;][vc_column column_width_use_pixel=&#8220;yes&#8220; position_vertical=&#8220;middle&#8220; align_horizontal=&#8220;align_center&#8220; gutter_size=&#8220;3&#8243; style=&#8220;dark&#8220; [&hellip;]<\/p>\n","protected":false},"author":2,"featured_media":0,"parent":0,"menu_order":0,"comment_status":"closed","ping_status":"closed","template":"","meta":{"footnotes":""},"class_list":["post-1020","page","type-page","status-publish","hentry"],"yoast_head":"<!-- This site is optimized with the Yoast SEO plugin v27.4 - https:\/\/yoast.com\/product\/yoast-seo-wordpress\/ -->\n<title>Ausr\u00fcstungen und Vorrichtungen - Rimoldi<\/title>\n<meta name=\"description\" content=\"Im Laufe der Jahre haben wir Hilfsger\u00e4te entwickelt, darunter\" \/>\n<meta name=\"robots\" content=\"index, follow, max-snippet:-1, max-image-preview:large, max-video-preview:-1\" \/>\n<link rel=\"canonical\" href=\"https:\/\/www.rimoldi.it\/de\/attrezzature-e-dispositivi\/\" \/>\n<meta property=\"og:locale\" content=\"de_DE\" \/>\n<meta property=\"og:type\" content=\"article\" \/>\n<meta property=\"og:title\" content=\"Ausr\u00fcstungen und Vorrichtungen - Rimoldi\" \/>\n<meta property=\"og:description\" content=\"Im Laufe der Jahre haben wir Hilfsger\u00e4te entwickelt, darunter\" \/>\n<meta property=\"og:url\" content=\"https:\/\/www.rimoldi.it\/de\/attrezzature-e-dispositivi\/\" \/>\n<meta property=\"og:site_name\" content=\"Rimoldi\" \/>\n<meta property=\"article:modified_time\" content=\"2023-12-11T16:57:31+00:00\" \/>\n<meta name=\"twitter:card\" content=\"summary_large_image\" \/>\n<meta name=\"twitter:label1\" content=\"Gesch\u00e4tzte Lesezeit\" \/>\n\t<meta name=\"twitter:data1\" content=\"4\u00a0Minuten\" \/>\n<script type=\"application\/ld+json\" class=\"yoast-schema-graph\">{\"@context\":\"https:\\\/\\\/schema.org\",\"@graph\":[{\"@type\":\"WebPage\",\"@id\":\"https:\\\/\\\/www.rimoldi.it\\\/de\\\/attrezzature-e-dispositivi\\\/\",\"url\":\"https:\\\/\\\/www.rimoldi.it\\\/de\\\/attrezzature-e-dispositivi\\\/\",\"name\":\"Ausr\u00fcstungen und Vorrichtungen - Rimoldi\",\"isPartOf\":{\"@id\":\"https:\\\/\\\/www.rimoldi.it\\\/de\\\/#website\"},\"datePublished\":\"2023-03-03T10:46:23+00:00\",\"dateModified\":\"2023-12-11T16:57:31+00:00\",\"description\":\"Im Laufe der Jahre haben wir Hilfsger\u00e4te entwickelt, darunter\",\"breadcrumb\":{\"@id\":\"https:\\\/\\\/www.rimoldi.it\\\/de\\\/attrezzature-e-dispositivi\\\/#breadcrumb\"},\"inLanguage\":\"de\",\"potentialAction\":[{\"@type\":\"ReadAction\",\"target\":[\"https:\\\/\\\/www.rimoldi.it\\\/de\\\/attrezzature-e-dispositivi\\\/\"]}]},{\"@type\":\"BreadcrumbList\",\"@id\":\"https:\\\/\\\/www.rimoldi.it\\\/de\\\/attrezzature-e-dispositivi\\\/#breadcrumb\",\"itemListElement\":[{\"@type\":\"ListItem\",\"position\":1,\"name\":\"Home\",\"item\":\"https:\\\/\\\/www.rimoldi.it\\\/de\\\/\"},{\"@type\":\"ListItem\",\"position\":2,\"name\":\"Ausr\u00fcstungen und Vorrichtungen\"}]},{\"@type\":\"WebSite\",\"@id\":\"https:\\\/\\\/www.rimoldi.it\\\/de\\\/#website\",\"url\":\"https:\\\/\\\/www.rimoldi.it\\\/de\\\/\",\"name\":\"Rimoldi\",\"description\":\"Soluzioni per lo stampaggio\",\"publisher\":{\"@id\":\"https:\\\/\\\/www.rimoldi.it\\\/de\\\/#organization\"},\"potentialAction\":[{\"@type\":\"SearchAction\",\"target\":{\"@type\":\"EntryPoint\",\"urlTemplate\":\"https:\\\/\\\/www.rimoldi.it\\\/de\\\/?s={search_term_string}\"},\"query-input\":{\"@type\":\"PropertyValueSpecification\",\"valueRequired\":true,\"valueName\":\"search_term_string\"}}],\"inLanguage\":\"de\"},{\"@type\":\"Organization\",\"@id\":\"https:\\\/\\\/www.rimoldi.it\\\/de\\\/#organization\",\"name\":\"Rimoldi Soluzioni per lo stampaggio\",\"url\":\"https:\\\/\\\/www.rimoldi.it\\\/de\\\/\",\"logo\":{\"@type\":\"ImageObject\",\"inLanguage\":\"de\",\"@id\":\"https:\\\/\\\/www.rimoldi.it\\\/de\\\/#\\\/schema\\\/logo\\\/image\\\/\",\"url\":\"https:\\\/\\\/www.rimoldi.it\\\/wp-content\\\/uploads\\\/2022\\\/10\\\/logoRimoldi.svg\",\"contentUrl\":\"https:\\\/\\\/www.rimoldi.it\\\/wp-content\\\/uploads\\\/2022\\\/10\\\/logoRimoldi.svg\",\"width\":\"280\",\"height\":\"85\",\"caption\":\"Rimoldi Soluzioni per lo stampaggio\"},\"image\":{\"@id\":\"https:\\\/\\\/www.rimoldi.it\\\/de\\\/#\\\/schema\\\/logo\\\/image\\\/\"},\"sameAs\":[\"https:\\\/\\\/www.linkedin.com\\\/company\\\/pietrorimoldi\\\/\"]}]}<\/script>\n<!-- \/ Yoast SEO plugin. -->","yoast_head_json":{"title":"Ausr\u00fcstungen und Vorrichtungen - Rimoldi","description":"Im Laufe der Jahre haben wir Hilfsger\u00e4te entwickelt, darunter","robots":{"index":"index","follow":"follow","max-snippet":"max-snippet:-1","max-image-preview":"max-image-preview:large","max-video-preview":"max-video-preview:-1"},"canonical":"https:\/\/www.rimoldi.it\/de\/attrezzature-e-dispositivi\/","og_locale":"de_DE","og_type":"article","og_title":"Ausr\u00fcstungen und Vorrichtungen - Rimoldi","og_description":"Im Laufe der Jahre haben wir Hilfsger\u00e4te entwickelt, darunter","og_url":"https:\/\/www.rimoldi.it\/de\/attrezzature-e-dispositivi\/","og_site_name":"Rimoldi","article_modified_time":"2023-12-11T16:57:31+00:00","twitter_card":"summary_large_image","twitter_misc":{"Gesch\u00e4tzte Lesezeit":"4\u00a0Minuten"},"schema":{"@context":"https:\/\/schema.org","@graph":[{"@type":"WebPage","@id":"https:\/\/www.rimoldi.it\/de\/attrezzature-e-dispositivi\/","url":"https:\/\/www.rimoldi.it\/de\/attrezzature-e-dispositivi\/","name":"Ausr\u00fcstungen und Vorrichtungen - Rimoldi","isPartOf":{"@id":"https:\/\/www.rimoldi.it\/de\/#website"},"datePublished":"2023-03-03T10:46:23+00:00","dateModified":"2023-12-11T16:57:31+00:00","description":"Im Laufe der Jahre haben wir Hilfsger\u00e4te entwickelt, darunter","breadcrumb":{"@id":"https:\/\/www.rimoldi.it\/de\/attrezzature-e-dispositivi\/#breadcrumb"},"inLanguage":"de","potentialAction":[{"@type":"ReadAction","target":["https:\/\/www.rimoldi.it\/de\/attrezzature-e-dispositivi\/"]}]},{"@type":"BreadcrumbList","@id":"https:\/\/www.rimoldi.it\/de\/attrezzature-e-dispositivi\/#breadcrumb","itemListElement":[{"@type":"ListItem","position":1,"name":"Home","item":"https:\/\/www.rimoldi.it\/de\/"},{"@type":"ListItem","position":2,"name":"Ausr\u00fcstungen und Vorrichtungen"}]},{"@type":"WebSite","@id":"https:\/\/www.rimoldi.it\/de\/#website","url":"https:\/\/www.rimoldi.it\/de\/","name":"Rimoldi","description":"Soluzioni per lo stampaggio","publisher":{"@id":"https:\/\/www.rimoldi.it\/de\/#organization"},"potentialAction":[{"@type":"SearchAction","target":{"@type":"EntryPoint","urlTemplate":"https:\/\/www.rimoldi.it\/de\/?s={search_term_string}"},"query-input":{"@type":"PropertyValueSpecification","valueRequired":true,"valueName":"search_term_string"}}],"inLanguage":"de"},{"@type":"Organization","@id":"https:\/\/www.rimoldi.it\/de\/#organization","name":"Rimoldi Soluzioni per lo stampaggio","url":"https:\/\/www.rimoldi.it\/de\/","logo":{"@type":"ImageObject","inLanguage":"de","@id":"https:\/\/www.rimoldi.it\/de\/#\/schema\/logo\/image\/","url":"https:\/\/www.rimoldi.it\/wp-content\/uploads\/2022\/10\/logoRimoldi.svg","contentUrl":"https:\/\/www.rimoldi.it\/wp-content\/uploads\/2022\/10\/logoRimoldi.svg","width":"280","height":"85","caption":"Rimoldi Soluzioni per lo stampaggio"},"image":{"@id":"https:\/\/www.rimoldi.it\/de\/#\/schema\/logo\/image\/"},"sameAs":["https:\/\/www.linkedin.com\/company\/pietrorimoldi\/"]}]}},"_links":{"self":[{"href":"https:\/\/www.rimoldi.it\/de\/wp-json\/wp\/v2\/pages\/1020","targetHints":{"allow":["GET"]}}],"collection":[{"href":"https:\/\/www.rimoldi.it\/de\/wp-json\/wp\/v2\/pages"}],"about":[{"href":"https:\/\/www.rimoldi.it\/de\/wp-json\/wp\/v2\/types\/page"}],"author":[{"embeddable":true,"href":"https:\/\/www.rimoldi.it\/de\/wp-json\/wp\/v2\/users\/2"}],"replies":[{"embeddable":true,"href":"https:\/\/www.rimoldi.it\/de\/wp-json\/wp\/v2\/comments?post=1020"}],"version-history":[{"count":6,"href":"https:\/\/www.rimoldi.it\/de\/wp-json\/wp\/v2\/pages\/1020\/revisions"}],"predecessor-version":[{"id":1089,"href":"https:\/\/www.rimoldi.it\/de\/wp-json\/wp\/v2\/pages\/1020\/revisions\/1089"}],"wp:attachment":[{"href":"https:\/\/www.rimoldi.it\/de\/wp-json\/wp\/v2\/media?parent=1020"}],"curies":[{"name":"wp","href":"https:\/\/api.w.org\/{rel}","templated":true}]}}